{"id":2120,"date":"2025-11-05T22:54:42","date_gmt":"2025-11-05T22:54:42","guid":{"rendered":"https:\/\/www.brill-legal.com\/?page_id=2120"},"modified":"2025-11-05T22:54:44","modified_gmt":"2025-11-05T22:54:44","slug":"cuestiones-disciplinarias-de-los-abogados-segundo-departamento-judicial","status":"publish","type":"page","link":"https:\/\/www.brill-legal.com\/es\/nuestros-servicios\/audiencias-disciplinarias-investigaciones\/cuestiones-disciplinarias-de-los-abogados-segundo-departamento-judicial\/","title":{"rendered":"Cuestiones disciplinarias de los abogados, Segundo Departamento Judicial"},"content":{"rendered":"<p>Si usted es un abogado que se enfrenta a una investigaci\u00f3n disciplinaria o a un procedimiento formal en el Segundo Departamento Judicial de New York, es importante que obtenga asesoramiento.<\/p>\n\n\n\n<p>Cuando los abogados del New York son acusados de mala conducta profesional, pueden ser investigados por el Comit\u00e9 de Quejas de Abogados del Departamento Judicial. El Segundo Departamento Judicial comprende los Condados de Queens, Kings, Richmond, Suffolk, Nassau, Westchester, Orange, Dutchess, Putnam y Rockland.<\/p>\n\n\n\n<p>Cuando una persona o entidad presenta una queja contra un abogado del Segundo Departamento Judicial, el Fiscal Jefe del Comit\u00e9 de Quejas puede iniciar una investigaci\u00f3n, entrevistar a testigos, obtener registros y ordenar al abogado que responda por escrito o que se someta a un examen bajo juramento. Si se encuentra una causa probable de mala conducta, el comit\u00e9 puede iniciar un procedimiento disciplinario formal.<\/p>\n\n\n\n<p>Tiene derecho a ser representado durante este proceso, y contratar a un abogado puede marcar la diferencia en un procedimiento que puede tener un efecto importante en su carrera y en su vida. Algunas investigaciones tienen resultados relativamente leves, como una amonestaci\u00f3n o una carta de advertencia. La comisi\u00f3n tambi\u00e9n puede negarse a investigar una denuncia o desestimarla. Pero, en \u00faltima instancia, los abogados pueden ser suspendidos o inhabilitados por mala conducta profesional, y pueden ser objeto de suspensi\u00f3n cautelar mientras est\u00e9 pendiente un procedimiento.<\/p>\n\n\n\n<p>Estar representado por un abogado durante este proceso puede ser el factor crucial que resulte en una acci\u00f3n apropiada en su caso. Dependiendo de las circunstancias, una moci\u00f3n de disciplina por consentimiento puede resolver el asunto. Puede ser importante plantear circunstancias atenuantes para argumentar a favor de una disciplina apropiada. Los abogados que han sido suspendidos o inhabilitados pueden ser elegibles para la reincorporaci\u00f3n en determinadas circunstancias. Un abogado con experiencia en estos asuntos puede representar sus intereses y ayudarle a obtener un resultado favorable. P\u00f3ngase en contacto con <a href=\"https:\/\/www.brill-legal.com\/es\/\">Brill Legal Group<\/a> para una consulta confidencial.<\/p>","protected":false},"excerpt":{"rendered":"<p>Si usted es un abogado que se enfrenta a una investigaci\u00f3n disciplinaria o a un procedimiento formal en el Segundo Departamento Judicial del New York, es importante que obtenga asesoramiento. Cuando los abogados del New York son acusados de mala conducta profesional, pueden ser investigados por el Comit\u00e9 de Quejas de Abogados del Departamento Judicial. El Segundo Departamento Judicial...<\/p>","protected":false},"author":1,"featured_media":5293,"parent":399,"menu_order":0,"comment_status":"closed","ping_status":"closed","template":"","meta":{"_acf_changed":false,"episode_type":"","audio_file":"","cover_image":"","cover_image_id":"","duration":"","filesize":"","date_recorded":"","explicit":"","block":"","itunes_episode_number":"","itunes_title":"","itunes_season_number":"","itunes_episode_type":"","filesize_raw":"","footnotes":""},"class_list":["post-2120","page","type-page","status-publish","has-post-thumbnail","hentry"],"acf":[],"_links":{"self":[{"href":"https:\/\/www.brill-legal.com\/es\/wp-json\/wp\/v2\/pages\/2120","targetHints":{"allow":["GET"]}}],"collection":[{"href":"https:\/\/www.brill-legal.com\/es\/wp-json\/wp\/v2\/pages"}],"about":[{"href":"https:\/\/www.brill-legal.com\/es\/wp-json\/wp\/v2\/types\/page"}],"author":[{"embeddable":true,"href":"https:\/\/www.brill-legal.com\/es\/wp-json\/wp\/v2\/users\/1"}],"replies":[{"embeddable":true,"href":"https:\/\/www.brill-legal.com\/es\/wp-json\/wp\/v2\/comments?post=2120"}],"version-history":[{"count":5,"href":"https:\/\/www.brill-legal.com\/es\/wp-json\/wp\/v2\/pages\/2120\/revisions"}],"predecessor-version":[{"id":5336,"href":"https:\/\/www.brill-legal.com\/es\/wp-json\/wp\/v2\/pages\/2120\/revisions\/5336"}],"up":[{"embeddable":true,"href":"https:\/\/www.brill-legal.com\/es\/wp-json\/wp\/v2\/pages\/399"}],"wp:featuredmedia":[{"embeddable":true,"href":"https:\/\/www.brill-legal.com\/es\/wp-json\/wp\/v2\/media\/5293"}],"wp:attachment":[{"href":"https:\/\/www.brill-legal.com\/es\/wp-json\/wp\/v2\/media?parent=2120"}],"curies":[{"name":"wp","href":"https:\/\/api.w.org\/{rel}","templated":true}]}}