{"id":2119,"date":"2025-11-05T22:54:34","date_gmt":"2025-11-05T22:54:34","guid":{"rendered":"https:\/\/www.brill-legal.com\/?page_id=2119"},"modified":"2025-11-05T22:54:36","modified_gmt":"2025-11-05T22:54:36","slug":"cuestiones-disciplinarias-de-los-abogados-primer-departamento-judicial","status":"publish","type":"page","link":"https:\/\/www.brill-legal.com\/es\/nuestros-servicios\/audiencias-disciplinarias-investigaciones\/cuestiones-disciplinarias-de-los-abogados-primer-departamento-judicial\/","title":{"rendered":"Cuestiones disciplinarias de los abogados, Primer Departamento Judicial"},"content":{"rendered":"<p>Los abogados que se enfrentan a una acci\u00f3n disciplinaria en el Primer Departamento Judicial de New York necesitan una representaci\u00f3n fuerte.<\/p>\n\n\n\n<p>New York los abogados acusados de mala conducta profesional pueden enfrentarse a una investigaci\u00f3n del Comit\u00e9 de Quejas de Abogados del Departamento Judicial. Cuando una persona o entidad presenta una queja por mala conducta profesional, el Fiscal Jefe del comit\u00e9 est\u00e1 autorizado a obtener registros, entrevistar testigos y ordenar al abogado acusado que proporcione una respuesta por escrito a la queja y comparezca para un examen formal bajo juramento. Si el comit\u00e9 encuentra causa probable de que el acusado incurri\u00f3 en mala conducta profesional, entonces se puede autorizar un procedimiento disciplinario formal.<\/p>\n\n\n\n<p>Los abogados tienen derecho a estar representados por un abogado durante dichas investigaciones y procedimientos formales. Las investigaciones de mala conducta profesional y los procedimientos disciplinarios pueden tener graves consecuencias para la carrera de un abogado. Tras la revisi\u00f3n, el comit\u00e9 puede emitir una carta de advertencia o amonestaci\u00f3n, o puede desestimar una queja o negarse a investigar. Los abogados pueden ser objeto de suspensi\u00f3n cautelar mientras se investiga una denuncia o est\u00e1 pendiente un procedimiento. Las medidas disciplinarias pueden incluir la suspensi\u00f3n o la inhabilitaci\u00f3n.<\/p>\n\n\n\n<p>Tener representaci\u00f3n en los procedimientos disciplinarios de abogados puede marcar la diferencia que salve una carrera. En algunos casos, una moci\u00f3n de disciplina por consentimiento puede ser la resoluci\u00f3n apropiada. En otros asuntos, las circunstancias atenuantes pueden ser cruciales para apoyar un argumento para la disciplina apropiada. En algunos casos, los abogados que han sido suspendidos o inhabilitados pueden ser readmitidos, si se demuestra que el demandado ha cumplido con las \u00f3rdenes judiciales y tiene el car\u00e1cter y la aptitud necesarios para ejercer la abogac\u00eda, y que ser\u00eda de inter\u00e9s p\u00fablico readmitirlos.<\/p>\n\n\n\n<p>El Primer Departamento Judicial comprende los condados de New York y el Bronx. Si se enfrenta a una acci\u00f3n disciplinaria en este departamento, p\u00f3ngase en contacto con <a href=\"https:\/\/www.brill-legal.com\/es\/\">Brill Legal Group<\/a>.<\/p>","protected":false},"excerpt":{"rendered":"<p>Los abogados que se enfrentan a una acci\u00f3n disciplinaria en el Primer Departamento Judicial de New York necesitan una representaci\u00f3n fuerte. Los abogados del New York acusados de mala conducta profesional pueden enfrentarse a una investigaci\u00f3n del Comit\u00e9 de Quejas de Abogados del Departamento Judicial. Cuando una persona o entidad presenta una queja por mala conducta profesional, el Abogado Jefe del comit\u00e9...<\/p>","protected":false},"author":1,"featured_media":5293,"parent":399,"menu_order":0,"comment_status":"closed","ping_status":"closed","template":"","meta":{"_acf_changed":false,"episode_type":"","audio_file":"","cover_image":"","cover_image_id":"","duration":"","filesize":"","date_recorded":"","explicit":"","block":"","itunes_episode_number":"","itunes_title":"","itunes_season_number":"","itunes_episode_type":"","filesize_raw":"","footnotes":""},"class_list":["post-2119","page","type-page","status-publish","has-post-thumbnail","hentry"],"acf":[],"_links":{"self":[{"href":"https:\/\/www.brill-legal.com\/es\/wp-json\/wp\/v2\/pages\/2119","targetHints":{"allow":["GET"]}}],"collection":[{"href":"https:\/\/www.brill-legal.com\/es\/wp-json\/wp\/v2\/pages"}],"about":[{"href":"https:\/\/www.brill-legal.com\/es\/wp-json\/wp\/v2\/types\/page"}],"author":[{"embeddable":true,"href":"https:\/\/www.brill-legal.com\/es\/wp-json\/wp\/v2\/users\/1"}],"replies":[{"embeddable":true,"href":"https:\/\/www.brill-legal.com\/es\/wp-json\/wp\/v2\/comments?post=2119"}],"version-history":[{"count":5,"href":"https:\/\/www.brill-legal.com\/es\/wp-json\/wp\/v2\/pages\/2119\/revisions"}],"predecessor-version":[{"id":5333,"href":"https:\/\/www.brill-legal.com\/es\/wp-json\/wp\/v2\/pages\/2119\/revisions\/5333"}],"up":[{"embeddable":true,"href":"https:\/\/www.brill-legal.com\/es\/wp-json\/wp\/v2\/pages\/399"}],"wp:featuredmedia":[{"embeddable":true,"href":"https:\/\/www.brill-legal.com\/es\/wp-json\/wp\/v2\/media\/5293"}],"wp:attachment":[{"href":"https:\/\/www.brill-legal.com\/es\/wp-json\/wp\/v2\/media?parent=2119"}],"curies":[{"name":"wp","href":"https:\/\/api.w.org\/{rel}","templated":true}]}}