{"id":2101,"date":"2025-11-05T22:55:47","date_gmt":"2025-11-05T22:55:47","guid":{"rendered":"https:\/\/www.brill-legal.com\/?page_id=2101"},"modified":"2025-11-05T22:55:49","modified_gmt":"2025-11-05T22:55:49","slug":"audiencias-disciplinarias-audiencias-de-caracter-moral","status":"publish","type":"page","link":"https:\/\/www.brill-legal.com\/es\/nuestros-servicios\/audiencias-disciplinarias-investigaciones\/audiencias-disciplinarias-audiencias-de-caracter-moral\/","title":{"rendered":"Audiencias disciplinarias: Audiencias de car\u00e1cter moral"},"content":{"rendered":"<p>New York El Estado exige que todos los educadores tengan un buen car\u00e1cter moral. Hay una serie de razones por las que los profesores pueden enfrentarse a preguntas sobre su car\u00e1cter moral. Algunos ejemplos incluyen condenas penales, delitos cometidos en propiedad escolar, venta de sustancias ilegales o el abuso f\u00edsico de un estudiante.<\/p>\n\n\n\n<p>La Office of School Personnel Review and Accountability (OSPRA) recibe quejas sobre el car\u00e1cter moral e investiga las alegaciones contra los profesores, as\u00ed como contra los solicitantes de certificados de ense\u00f1anza del Estado New York. La oficina es responsable de la Unidad de Car\u00e1cter Moral de Profesores del Departamento de Educaci\u00f3n y de la Unidad de Audiencia de Titulaci\u00f3n de Profesores.<\/p>\n\n\n\n<p>En virtud de la Parte 83 del Reglamento del Comisionado de Educaci\u00f3n, los superintendentes de los distritos escolares est\u00e1n obligados a presentar una denuncia ante la oficina si se enteran de que un profesor ha sido condenado por un delito o ha tenido un comportamiento que plantea una duda razonable sobre su car\u00e1cter moral. Estas denuncias suelen presentarse ante la OSPRA despu\u00e9s de que las autoridades locales competentes -como los directores de los centros escolares y la polic\u00eda- hayan tratado el asunto.<\/p>\n\n\n\n<p>Tras recibir la queja, OSPRA investigar\u00e1 las alegaciones y determinar\u00e1 si se justifica una acci\u00f3n disciplinaria. Si las conclusiones indican que existe una duda sustancial sobre el car\u00e1cter moral del profesor, \u00e9ste ser\u00e1 contactado por escrito. El profesor dispone entonces de 30 d\u00edas para solicitar una audiencia formal.<\/p>\n\n\n\n<p>Los profesores tienen derecho a la representaci\u00f3n de un abogado durante una audiencia de car\u00e1cter moral. New York profesores que se enfrentan a este tipo de audiencias deben buscar el asesoramiento de un abogado experto que pueda proporcionar orientaci\u00f3n durante todo el proceso disciplinario. Contar con un abogado de confianza puede marcar la diferencia en el futuro profesional.<\/p>\n\n\n\n<p>Los abogados de Brill Legal Group saben c\u00f3mo defenderse contra acusaciones perjudiciales y presentar pruebas del buen car\u00e1cter moral de una persona. Mientras que la evidencia de una condena penal se permite en un procedimiento de audiencia, no significa necesariamente que la persona investigada carece de buen car\u00e1cter moral.<\/p>\n\n\n\n<p>Una vez concluida la audiencia, el Comisario de Educaci\u00f3n determinar\u00e1 si el certificado del profesor ser\u00e1 suspendido o revocado en virtud del requisito de buena conducta moral. Tambi\u00e9n pueden imponerse otras sanciones, como multas.<\/p>\n\n\n\n<p>P\u00f3ngase en contacto con los abogados de Brill Legal Group. Tenemos experiencia en audiencias disciplinarias y sabemos c\u00f3mo obtener el mejor resultado posible cuando un profesor se encuentra con que su car\u00e1cter est\u00e1 siendo cuestionado.<\/p>","protected":false},"excerpt":{"rendered":"<p>New York El Estado exige que todos los educadores tengan un buen car\u00e1cter moral. Hay una serie de razones por las que los profesores pueden enfrentarse a preguntas sobre su car\u00e1cter moral. Algunos ejemplos incluyen condenas penales, delitos cometidos en propiedad escolar, venta de sustancias ilegales o el abuso f\u00edsico de un estudiante. La Oficina de Revisi\u00f3n y Responsabilidad del Personal Escolar (OSPRA)...<\/p>","protected":false},"author":1,"featured_media":5518,"parent":399,"menu_order":0,"comment_status":"closed","ping_status":"closed","template":"","meta":{"_acf_changed":false,"episode_type":"","audio_file":"","cover_image":"","cover_image_id":"","duration":"","filesize":"","date_recorded":"","explicit":"","block":"","itunes_episode_number":"","itunes_title":"","itunes_season_number":"","itunes_episode_type":"","filesize_raw":"","footnotes":""},"class_list":["post-2101","page","type-page","status-publish","has-post-thumbnail","hentry"],"acf":[],"_links":{"self":[{"href":"https:\/\/www.brill-legal.com\/es\/wp-json\/wp\/v2\/pages\/2101","targetHints":{"allow":["GET"]}}],"collection":[{"href":"https:\/\/www.brill-legal.com\/es\/wp-json\/wp\/v2\/pages"}],"about":[{"href":"https:\/\/www.brill-legal.com\/es\/wp-json\/wp\/v2\/types\/page"}],"author":[{"embeddable":true,"href":"https:\/\/www.brill-legal.com\/es\/wp-json\/wp\/v2\/users\/1"}],"replies":[{"embeddable":true,"href":"https:\/\/www.brill-legal.com\/es\/wp-json\/wp\/v2\/comments?post=2101"}],"version-history":[{"count":6,"href":"https:\/\/www.brill-legal.com\/es\/wp-json\/wp\/v2\/pages\/2101\/revisions"}],"predecessor-version":[{"id":5520,"href":"https:\/\/www.brill-legal.com\/es\/wp-json\/wp\/v2\/pages\/2101\/revisions\/5520"}],"up":[{"embeddable":true,"href":"https:\/\/www.brill-legal.com\/es\/wp-json\/wp\/v2\/pages\/399"}],"wp:featuredmedia":[{"embeddable":true,"href":"https:\/\/www.brill-legal.com\/es\/wp-json\/wp\/v2\/media\/5518"}],"wp:attachment":[{"href":"https:\/\/www.brill-legal.com\/es\/wp-json\/wp\/v2\/media?parent=2101"}],"curies":[{"name":"wp","href":"https:\/\/api.w.org\/{rel}","templated":true}]}}