{"id":1957,"date":"2016-11-01T19:15:13","date_gmt":"2016-11-01T19:15:13","guid":{"rendered":"https:\/\/www.brill-legal.com\/?page_id=1957"},"modified":"2017-09-25T22:25:50","modified_gmt":"2017-09-25T22:25:50","slug":"medidas-disciplinarias-de-grupo","status":"publish","type":"page","link":"https:\/\/www.brill-legal.com\/es\/nuestros-servicios\/audiencias-disciplinarias-investigaciones\/audiencias-disciplinarias-de-estudiantes\/medidas-disciplinarias-de-grupo\/","title":{"rendered":"Acci\u00f3n disciplinaria de grupo"},"content":{"rendered":"<h1>New York Abogado defensor de acciones disciplinarias de grupo<\/h1>\n<p>Cada vez es m\u00e1s probable que los institutos, colegios y universidades tomen medidas disciplinarias contra hermandades, cofrad\u00edas y clubes por determinados comportamientos que antes se toleraban en los campus de todo el pa\u00eds. Est\u00e1n aplicando normas y reglamentos m\u00e1s estrictos contra el consumo de alcohol entre menores, el consumo de drogas y las novatadas. Las novatadas consisten en obligar a los estudiantes a realizar retos embarazosos, absurdos y a veces peligrosos como ritos de iniciaci\u00f3n en una hermandad o fraternidad.<\/p>\n<p>Los estudiantes que cometen faltas de conducta pueden ser castigados con penas severas que incluyen suspensiones y expulsiones. Tales acciones disciplinarias perjudican a los estudiantes, afectando su capacidad para entrar en otras escuelas y universidades, junto con el da\u00f1o a sus perspectivas de empleo en el futuro. La contrataci\u00f3n de un abogado de audiencia disciplinaria New York superior ayudar\u00e1 a su hijo a luchar contra un castigo injustamente duro.<\/p>\n<p>Si su hijo est\u00e1 siendo acusado de cualquier mala conducta o actividad criminal, necesitan un abogado con experiencia a su lado. A los estudiantes se les permite tener un abogado presente en las investigaciones de fraternidades y hermandades. Aunque el abogado no pueda participar activamente en los procedimientos disciplinarios de la escuela, normalmente se le permite acompa\u00f1ar al estudiante durante el proceso de investigaci\u00f3n. <\/p>\n<p>El manual del estudiante desempe\u00f1a un papel clave en la acci\u00f3n disciplinaria de grupo cuando una hermandad, fraternidad u otra organizaci\u00f3n estudiantil se mete en problemas. Cada New York escuela, colegio y universidad tiene un manual del estudiante que detalla las normas de conducta espec\u00edficas que se espera que los estudiantes sigan. Tambi\u00e9n describe el proceso disciplinario del centro. Por lo tanto, es esencial familiarizarse con \u00e9l antes de iniciar una audiencia o cualquier otro procedimiento disciplinario.<\/p>\n<p>Cuando hay varios alumnos que se enfrentan a investigaciones o procedimientos disciplinarios escolares, la verdad puede perderse en las diversas historias que se cuentan. Esto puede perjudicar a su hijo. Si sus hermanos de fraternidad, hermanas de hermandad u otros compa\u00f1eros de clase contratan abogados, pueden ser persuadidos a cooperar con los investigadores a cambio de un castigo m\u00e1s indulgente. Por lo tanto, es importante contratar a un abogado experto para que represente a su hijo lo antes posible.<\/p>\n<p>Cada estudiante tiene derecho a una investigaci\u00f3n justa e imparcial y una audiencia disciplinaria. El abogado Peter Brill y su equipo legal entienden que las escuelas New York pueden ser propensas a apresurarse a un juicio que puede ser injustamente severo. Respondemos agresivamente para asegurar que su hijo obtenga una audiencia justa y no sea castigado excesivamente.<\/p>\n<p>Los abogados de Brill Legal Group tienen a\u00f1os de experiencia y altas tasas de \u00e9xito en la defensa de los estudiantes en los procedimientos disciplinarios escolares. A menudo podemos negociar un castigo alternativo que no afecte negativamente a la carrera escolar del menor ni a sus futuras oportunidades educativas y laborales.<\/p>\n<p>P\u00f3ngase en contacto con nosotros para una consulta hoy. Los abogados de Brill Legal Group se esfuerzan por proteger los derechos de los estudiantes y asegurar que su hijo reciba una audiencia justa.<\/p>","protected":false},"excerpt":{"rendered":"<p>New York Abogado defensor de acciones disciplinarias Los institutos, colegios y universidades son cada vez m\u00e1s propensos a tomar medidas disciplinarias contra hermandades, fraternidades y clubes por ciertos comportamientos que antes eran tolerados en los campus de todo el pa\u00eds. Est\u00e1n aplicando normas y reglamentos m\u00e1s estrictos contra el consumo de alcohol por menores de edad, el consumo de drogas y las novatadas. Las novatadas consisten en obligar a los estudiantes a...<\/p>","protected":false},"author":1,"featured_media":0,"parent":414,"menu_order":0,"comment_status":"closed","ping_status":"closed","template":"","meta":{"_acf_changed":false,"episode_type":"","audio_file":"","cover_image":"","cover_image_id":"","duration":"","filesize":"","date_recorded":"","explicit":"","block":"","itunes_episode_number":"","itunes_title":"","itunes_season_number":"","itunes_episode_type":"","filesize_raw":"","footnotes":""},"class_list":["post-1957","page","type-page","status-publish","hentry"],"acf":[],"_links":{"self":[{"href":"https:\/\/www.brill-legal.com\/es\/wp-json\/wp\/v2\/pages\/1957","targetHints":{"allow":["GET"]}}],"collection":[{"href":"https:\/\/www.brill-legal.com\/es\/wp-json\/wp\/v2\/pages"}],"about":[{"href":"https:\/\/www.brill-legal.com\/es\/wp-json\/wp\/v2\/types\/page"}],"author":[{"embeddable":true,"href":"https:\/\/www.brill-legal.com\/es\/wp-json\/wp\/v2\/users\/1"}],"replies":[{"embeddable":true,"href":"https:\/\/www.brill-legal.com\/es\/wp-json\/wp\/v2\/comments?post=1957"}],"version-history":[{"count":3,"href":"https:\/\/www.brill-legal.com\/es\/wp-json\/wp\/v2\/pages\/1957\/revisions"}],"predecessor-version":[{"id":2646,"href":"https:\/\/www.brill-legal.com\/es\/wp-json\/wp\/v2\/pages\/1957\/revisions\/2646"}],"up":[{"embeddable":true,"href":"https:\/\/www.brill-legal.com\/es\/wp-json\/wp\/v2\/pages\/414"}],"wp:attachment":[{"href":"https:\/\/www.brill-legal.com\/es\/wp-json\/wp\/v2\/media?parent=1957"}],"curies":[{"name":"wp","href":"https:\/\/api.w.org\/{rel}","templated":true}]}}