{"id":1955,"date":"2016-11-01T19:14:14","date_gmt":"2016-11-01T19:14:14","guid":{"rendered":"https:\/\/www.brill-legal.com\/?page_id=1955"},"modified":"2017-09-25T22:23:29","modified_gmt":"2017-09-25T22:23:29","slug":"sanciones-academicas","status":"publish","type":"page","link":"https:\/\/www.brill-legal.com\/es\/nuestros-servicios\/audiencias-disciplinarias-investigaciones\/audiencias-disciplinarias-de-estudiantes\/sanciones-academicas\/","title":{"rendered":"Sanciones acad\u00e9micas"},"content":{"rendered":"<h1>New York Abogado defensor de penas acad\u00e9micas<\/h1>\n<p>Las escuelas pueden elegir disciplinar a los estudiantes de varias maneras que van desde sanciones acad\u00e9micas a la suspensi\u00f3n o expulsi\u00f3n. Cuando la mala conducta del menor est\u00e1 relacionada con el \u00e1mbito acad\u00e9mico, como hacer trampas o plagiar, los centros suelen recurrir a sanciones acad\u00e9micas, como la retirada de matr\u00edculas de honor o impedir que el alumno pase al curso siguiente.<\/p>\n<p>Las sanciones acad\u00e9micas pueden ser impuestas por el profesor en cuyo curso o tarea tuvo lugar la sospecha de deshonestidad acad\u00e9mica. El estudiante puede recibir una calificaci\u00f3n baja, suspender la tarea o el examen, suspender el curso, recibir una calificaci\u00f3n global m\u00e1s baja del curso, ser obligado a completar un trabajo acad\u00e9mico adicional o una combinaci\u00f3n de sanciones.<\/p>\n<p>Casi todas las escuelas de todos los niveles consideran el plagio y el enga\u00f1o como graves violaciones de su c\u00f3digo de honor. Muchas veces, las autoridades escolares tienen una pol\u00edtica de tolerancia cero para este tipo de mala conducta. Sin embargo, la realidad es que los estudiantes cometen errores. Algunas formas de plagio pueden ser involuntarias. Por ejemplo, puede que el ni\u00f1o no sepa c\u00f3mo citar correctamente una fuente o que simplemente haya olvidado incluir una cita. <\/p>\n<p>En algunos casos, la escuela puede llevar a cabo una investigaci\u00f3n para sacar a la luz un patr\u00f3n de deshonestidad acad\u00e9mica. Pueden celebrar una audiencia para determinar la medida disciplinaria adecuada contra el alumno, ya sea la suspensi\u00f3n o la expulsi\u00f3n. El resultado de una audiencia disciplinaria puede tener graves consecuencias para el futuro de su hijo.<\/p>\n<p>Por eso es una buena idea consultar a un abogado con experiencia que entienda qu\u00e9 defensas est\u00e1n disponibles para su hijo y pueda luchar contra un castigo injusto. A veces todo lo que se requiere es una regla indulgente en el manual del estudiante, junto con una negociaci\u00f3n s\u00f3lida, para obtener un resultado favorable.<\/p>\n<p>Las decisiones disciplinarias tomadas por la administraci\u00f3n escolar pueden amenazar el derecho del estudiante a seguir asistiendo a la escuela, entre otras sanciones. Es fundamental buscar un abogado que tenga un conocimiento profundo de las complejas cuestiones implicadas. Llame a los abogados del Brill Legal Group.<\/p>","protected":false},"excerpt":{"rendered":"<p>New York Abogado defensor de sanciones acad\u00e9micas Las escuelas pueden optar por disciplinar a los estudiantes de varias maneras que van desde sanciones acad\u00e9micas hasta la suspensi\u00f3n o expulsi\u00f3n. Cuando la mala conducta del ni\u00f1o est\u00e1 relacionado con los acad\u00e9micos, como hacer trampa o plagio, las escuelas suelen utilizar sanciones acad\u00e9micas, tales como la retenci\u00f3n de honores o...<\/p>","protected":false},"author":1,"featured_media":0,"parent":414,"menu_order":0,"comment_status":"closed","ping_status":"closed","template":"","meta":{"_acf_changed":false,"episode_type":"","audio_file":"","cover_image":"","cover_image_id":"","duration":"","filesize":"","date_recorded":"","explicit":"","block":"","itunes_episode_number":"","itunes_title":"","itunes_season_number":"","itunes_episode_type":"","filesize_raw":"","footnotes":""},"class_list":["post-1955","page","type-page","status-publish","hentry"],"acf":[],"_links":{"self":[{"href":"https:\/\/www.brill-legal.com\/es\/wp-json\/wp\/v2\/pages\/1955","targetHints":{"allow":["GET"]}}],"collection":[{"href":"https:\/\/www.brill-legal.com\/es\/wp-json\/wp\/v2\/pages"}],"about":[{"href":"https:\/\/www.brill-legal.com\/es\/wp-json\/wp\/v2\/types\/page"}],"author":[{"embeddable":true,"href":"https:\/\/www.brill-legal.com\/es\/wp-json\/wp\/v2\/users\/1"}],"replies":[{"embeddable":true,"href":"https:\/\/www.brill-legal.com\/es\/wp-json\/wp\/v2\/comments?post=1955"}],"version-history":[{"count":2,"href":"https:\/\/www.brill-legal.com\/es\/wp-json\/wp\/v2\/pages\/1955\/revisions"}],"predecessor-version":[{"id":2643,"href":"https:\/\/www.brill-legal.com\/es\/wp-json\/wp\/v2\/pages\/1955\/revisions\/2643"}],"up":[{"embeddable":true,"href":"https:\/\/www.brill-legal.com\/es\/wp-json\/wp\/v2\/pages\/414"}],"wp:attachment":[{"href":"https:\/\/www.brill-legal.com\/es\/wp-json\/wp\/v2\/media?parent=1955"}],"curies":[{"name":"wp","href":"https:\/\/api.w.org\/{rel}","templated":true}]}}