{"id":1949,"date":"2016-11-01T19:11:58","date_gmt":"2016-11-01T19:11:58","guid":{"rendered":"https:\/\/www.brill-legal.com\/?page_id=1949"},"modified":"2017-09-25T22:27:39","modified_gmt":"2017-09-25T22:27:39","slug":"expulsion-de-las-instalaciones-de-la-residencia","status":"publish","type":"page","link":"https:\/\/www.brill-legal.com\/es\/nuestros-servicios\/audiencias-disciplinarias-investigaciones\/audiencias-disciplinarias-de-estudiantes\/expulsion-de-las-instalaciones-de-la-residencia\/","title":{"rendered":"Retirada de las instalaciones de la residencia"},"content":{"rendered":"<h1>New York Abogado defensor de expulsi\u00f3n de centro de residencia<\/h1>\n<p>Los colegios, institutos y universidades utilizan diversas sanciones para disciplinar a los estudiantes que se considera que han infringido sus pol\u00edticas. En algunos casos, los estudiantes pueden verse obligados a abandonar su residencia u otra forma de alojamiento en el campus si se meten en problemas. Estas medidas pueden adoptarse por diversos motivos, ya sea por posesi\u00f3n de drogas o armas, por comportamiento perturbador o por incumplimiento del contrato de residencia.<\/p>\n<p>A veces, un estudiante residente ser\u00e1 reasignado a otra vivienda disponible en el campus.<br \/>\nOtra alternativa es la suspensi\u00f3n de la residencia en la que el estudiante deber\u00e1 desalojar la residencia durante un periodo de tiempo determinado mientras espera una investigaci\u00f3n y\/o una audiencia. <\/p>\n<p>En casos graves, el alumno puede ser desalojado o expulsado de la residencia. <strong>y puede que ya no se le permita vivir en el campus.<\/strong> La escuela o colegio debe proporcionar al estudiante que va a ser expulsado una notificaci\u00f3n por escrito de los cargos, as\u00ed como la fecha y hora de la audiencia.<\/p>\n<p>Dichas sanciones no siempre se corresponden con la gravedad del incidente en cuesti\u00f3n. Los abogados del bufete Brill Legal Group tienen experiencia en la representaci\u00f3n de estudiantes en procedimientos disciplinarios relacionados con la expulsi\u00f3n de la residencia. Si el castigo es demasiado duro o injusto para la supuesta mala conducta, el estudiante tiene derecho a apelar la decisi\u00f3n del oficial de audiencia. Nuestro equipo negociar\u00e1 el mejor resultado posible en cada situaci\u00f3n.<\/p>\n<p>P\u00f3ngase en contacto con nuestro bufete para una consulta inicial gratuita. Tenemos oficinas en Hauppauge, Hempstead y Manhattan. Tambi\u00e9n ofrecemos defensa juvenil si su hijo es acusado de un delito.<\/p>","protected":false},"excerpt":{"rendered":"<p>New York Abogado de Defensa de Desalojo de Residencia Las escuelas, colegios y universidades utilizan varias sanciones para disciplinar a los estudiantes que se cree que han estado en violaci\u00f3n de sus pol\u00edticas. En algunos casos, los estudiantes pueden ser obligados a desalojar su residencia u otra forma de alojamiento en el campus si se meten en problemas. Esta medida puede...<\/p>","protected":false},"author":1,"featured_media":0,"parent":414,"menu_order":0,"comment_status":"closed","ping_status":"closed","template":"","meta":{"_acf_changed":false,"episode_type":"","audio_file":"","cover_image":"","cover_image_id":"","duration":"","filesize":"","date_recorded":"","explicit":"","block":"","itunes_episode_number":"","itunes_title":"","itunes_season_number":"","itunes_episode_type":"","filesize_raw":"","footnotes":""},"class_list":["post-1949","page","type-page","status-publish","hentry"],"acf":[],"_links":{"self":[{"href":"https:\/\/www.brill-legal.com\/es\/wp-json\/wp\/v2\/pages\/1949","targetHints":{"allow":["GET"]}}],"collection":[{"href":"https:\/\/www.brill-legal.com\/es\/wp-json\/wp\/v2\/pages"}],"about":[{"href":"https:\/\/www.brill-legal.com\/es\/wp-json\/wp\/v2\/types\/page"}],"author":[{"embeddable":true,"href":"https:\/\/www.brill-legal.com\/es\/wp-json\/wp\/v2\/users\/1"}],"replies":[{"embeddable":true,"href":"https:\/\/www.brill-legal.com\/es\/wp-json\/wp\/v2\/comments?post=1949"}],"version-history":[{"count":3,"href":"https:\/\/www.brill-legal.com\/es\/wp-json\/wp\/v2\/pages\/1949\/revisions"}],"predecessor-version":[{"id":2648,"href":"https:\/\/www.brill-legal.com\/es\/wp-json\/wp\/v2\/pages\/1949\/revisions\/2648"}],"up":[{"embeddable":true,"href":"https:\/\/www.brill-legal.com\/es\/wp-json\/wp\/v2\/pages\/414"}],"wp:attachment":[{"href":"https:\/\/www.brill-legal.com\/es\/wp-json\/wp\/v2\/media?parent=1949"}],"curies":[{"name":"wp","href":"https:\/\/api.w.org\/{rel}","templated":true}]}}