{"id":1860,"date":"2016-07-19T17:04:16","date_gmt":"2016-07-19T17:04:16","guid":{"rendered":"https:\/\/www.brill-legal.com\/?page_id=1860"},"modified":"2022-06-15T14:58:38","modified_gmt":"2022-06-15T14:58:38","slug":"la-policia-quiere-hablar-contigo","status":"publish","type":"page","link":"https:\/\/www.brill-legal.com\/es\/nuestros-servicios\/defensa-penal\/defensa-penal-faq\/la-policia-quiere-hablar-contigo\/","title":{"rendered":"\u00bfQuiere hablar con usted la polic\u00eda?"},"content":{"rendered":"<h2>\n\t\tCuando la polic\u00eda quiere charlar\n\t<\/h2>\n<h4>\n\t\t\u00bfQu\u00e9 debe hacer cuando la polic\u00eda quiere hablar con usted? Llame a su abogado al Brill Legal Group, P.C.\n\t<\/h4>\n\t<p>As\u00ed que hoy has llegado a casa del trabajo y hay una tarjeta de visita de un detective New York bajo tu puerta. Llamas al n\u00famero de la tarjeta. Te dice que quiere que entres y hables con \u00e9l. <\/p>\n<p>Lo hemos visto demasiadas veces en nuestro trabajo. La polic\u00eda le dice a alguien que necesitan tener una charla amistosa. Necesitan conocer su versi\u00f3n de los hechos y aclarar las cosas. No les llevar\u00e1 mucho tiempo y luego podr\u00e1n seguir con sus asuntos. As\u00ed que la persona habla. Quiz\u00e1 porque no ha hecho nada malo. Tal vez porque tiene una coartada. Tal vez porque realmente quiere hacer lo correcto y ayudar a la polic\u00eda a resolver un crimen. \u00bfY qu\u00e9 ocurre? Le detienen.<\/p>\n<h3>\n\t\tCuando la polic\u00eda quiere charlar\n\t<\/h3>\n\t<p>Ese d\u00eda no volver\u00e1s a casa desde la comisar\u00eda. Vas a ser arrestado.<\/p>\n\t\t\t\t\t\t\t\t\t\t\t\t\t\t\t\t\t\t\t<p>NO, NO SE PUEDE HABLAR DE ELLO<\/p>\n\t\t\t\t\t\t\t\t\t\t\t\t\t\t\t\t\t\t\t\t\t\t\t<h4>No se les puede disuadir.<\/h4> \t\t\t\t\t\t\t\t\t\t\t\n\t\t\t\t\t\t\t\t\t\t\t\t\t\t\t\t\t\t\t\t\t\t\t\t\t\t\t\t\t\t\t\t\t\t\t\t\t\t\t\t\t\t\t\t\t\t\t\t\t\t\t\t\t\t\t\t<p>La polic\u00eda ya ha tomado su decisi\u00f3n.<\/p> \t\t\t\t\t\t\t\t\t\t\t\t\t\t\t\t\t\t\t\t\t\t\t\t\t\t\t\t\t\n\t\t\t\t\t\t\t\tNO, NO SE PUEDE HABLAR DE ELLO\n\t\t\t\t\t\t\t\t\t\t\t\t\t\t\t\t\t\t\t<p>NO, NO ESCUCHAR\u00c1N<\/p>\n\t\t\t\t\t\t\t\t\t\t\t\t\t\t\t\t\t\t\t\t\t\t\t<h4>No escuchan.<\/h4> \t\t\t\t\t\t\t\t\t\t\t\n\t\t\t\t\t\t\t\t\t\t\t\t\t\t\t\t\t\t\t\t\t\t\t\t\t\t\t\t\t\t\t\t\t\t\t\t\t\t\t\t\t\t\t\t\t\t\t\t\t\t\t\t\t\t\t\t<p>La polic\u00eda no escuchar\u00e1 tu versi\u00f3n de los hechos y cambiar\u00e1 de opini\u00f3n. La otra parte ya les ha convencido para que te detengan.<\/p> \t\t\t\t\t\t\t\t\t\t\t\t\t\t\t\t\t\t\t\t\t\t\t\t\t\t\t\t\t\n\t\t\t\t\t\t\t\tNO, NO ESCUCHAR\u00c1N\n\t\t\t\t\t\t\t\t\t\t\t\t\t\t\t\t\t\t\t<p>NO, NO LES IMPORTA TU HISTORIA<\/p>\n\t\t\t\t\t\t\t\t\t\t\t\t\t\t\t\t\t\t\t\t\t\t\t<h4>Tu historia es irrelevante. <\/h4> \t\t\t\t\t\t\t\t\t\t\t\n\t\t\t\t\t\t\t\t\t\t\t\t\t\t\t\t\t\t\t\t\t\t\t\t\t\t\t\t\t\t\t\t\t\t\t\t\t\t\t\t\t\t\t\t\t\t\t\t\t\t\t\t\t\t\t\t<p>A la polic\u00eda no le importa que nunca har\u00edas algo as\u00ed. Que tengas un buen trabajo. Que tienes estudios universitarios. Que mantienes a tus padres ancianos, a tus cinco hijos y a tu mujer. A la polic\u00eda no le importa que seas un buen tipo. Ni siquiera les importa si ni siquiera estabas all\u00ed.<\/p> \t\t\t\t\t\t\t\t\t\t\t\t\t\t\t\t\t\t\t\t\t\t\t\t\t\t\t\t\t\n\t\t\t\t\t\t\t\tNO, NO LES IMPORTA TU HISTORIA\n\t\t<h3>\n\t\tTe puede pasar a ti\n\t<\/h3>\n\t<p>Puede que est\u00e9s leyendo esto y pensando: \"Por supuesto que llamar\u00eda a un abogado si estuviera en verdaderos problemas, pero usar\u00eda mi criterio. S\u00e9 c\u00f3mo hablar con la polic\u00eda. Si no he hecho nada malo, no pasa nada por hablar\".<\/p>\n<p>Demasiada gente con esta forma de pensar es detenida y pasa la noche en la c\u00e1rcel. \u00bfA\u00fan crees que no puede pasarte a ti?<\/p>\n<p>Uno de nuestros clientes ten\u00eda una coartada s\u00f3lida: dos testigos, registros de m\u00f3vil, todo. No estaba cerca de la escena del crimen. \u00bfAdivina qu\u00e9? A\u00fan as\u00ed fue arrestado. El detective dijo que ten\u00eda causa probable.<\/p>\n\t\t\t\t<img loading=\"lazy\" decoding=\"async\" src=\"https:\/\/www.brill-legal.com\/wp-content\/uploads\/2016\/07\/false-confessions.png\" alt=\"Estad\u00edsticas sobre el \u00edndice de condenas\" itemprop=\"image\" height=\"275\" width=\"888\" title=\"falsas confesiones\" onerror=\"this.style.display='none'\">\n<h3>\n\t\tLlame primero a su abogado\n\t<\/h3>\n\t<p>\u00bfQu\u00e9 debe hacer cuando la polic\u00eda quiere hablar con usted? Llame primero a su abogado. Suffolk 631-204-8254 - Manhattan 212-233-4141 - Nassau 516-206-2002 -Toll Free 888-315-9841<\/p>\n<h4>\n\t\tIgualdad de condiciones\n\t<\/h4>\n\t<p>Si se equivoc\u00f3, si realmente era s\u00f3lo un testigo, considere que es una p\u00f3liza de seguro tener a su abogado presente. Pero si le detienen, la polic\u00eda y los fiscales tendr\u00e1n mucho menos con lo que trabajar a la hora de demostrar su culpabilidad ante un tribunal.<\/p>\n<p>Aunque creas que s\u00f3lo eres un testigo, deja que hablemos con la polic\u00eda para que te lo aclaren. Porque tanto si es testigo como si es sospechoso, los detectives le van a decir exactamente lo mismo: \"Pase y hable con nosotros\". En cualquier caso, no querr\u00e1 hablar con ellos sin la presencia de su abogado, y no tiene por qu\u00e9 hacerlo.<\/p>\n<h4>\n\t\tTrabajamos de forma m\u00e1s inteligente, m\u00e1s dura y mejor.\n\t<\/h4>\n<h3>\n\t\tAclaremos las cosas\n\t<\/h3>\n\t<p>\u00bfInsistir en la representaci\u00f3n legal le hace parecer culpable? La verdad es que no. Te hace parecer inteligente y cuidadoso. Incluso si te hace parecer culpable, \u00bfa qui\u00e9n le importa? Los casos contra sospechosos se basan en pruebas, no en apariencias. Tener un abogado presente no es una prueba. Las cosas que dices son pruebas. Llevar un abogado puede ser la \u00fanica manera de que te vayas a casa esta noche.<\/p>\n<p>Nadie sugiere que huyas de la polic\u00eda. Eso s\u00f3lo causa m\u00e1s problemas. Pero no puedes entrar solo en la comisar\u00eda. Si vas con un amigo o familiar, la polic\u00eda le har\u00e1 esperar en el vest\u00edbulo. Unas horas m\u00e1s tarde, el funcionario de recepci\u00f3n le dir\u00e1 a tu amigo o familiar que puede verte en el juzgado a la ma\u00f1ana siguiente. O en la hora de visita en la c\u00e1rcel despu\u00e9s de eso.<\/p>\n\t\t\t\t<img loading=\"lazy\" decoding=\"async\" src=\"https:\/\/www.brill-legal.com\/wp-content\/uploads\/2016\/07\/years-served-2.png\" alt=\"a\u00f1os de servicio-2\" itemprop=\"image\" height=\"275\" width=\"888\" title=\"a\u00f1os de servicio-2\" onerror=\"this.style.display='none'\">\n\t\t\t<a href=\"https:\/\/www.brill-legal.com\/es\/pongase-en-contacto-con\/\" target=\"_self\" role=\"button\" rel=\"noopener\">\n\t\t\t\t\t\t\tConcertar una consulta gratuita\n\t\t\t\t\t<\/a>\n<h4>\n\t\tLa polic\u00eda quiere que les facilites el trabajo.\n\t<\/h4>\n<h4>\n\t\tQuieren que el caso avance r\u00e1pidamente.\n\t<\/h4>\n\t<p>La polic\u00eda siempre intentar\u00e1 que hables con ellos sin la presencia de un abogado. La polic\u00eda quiere que los sospechosos hagan el trabajo por ellos. En otras palabras, quieren que hables.<\/p>\n<h4>\n\t\tQuieren que hables.\n\t<\/h4>\n\t<p>Muchos casos se resuelven r\u00e1pida y f\u00e1cilmente en una peque\u00f1a sala de interrogatorios de la comisar\u00eda. S\u00f3lo un par de detectives y un sospechoso que no sabe que lo es o que cree que puede ser m\u00e1s listo que la polic\u00eda.<\/p>\n<h4>\n\t\tQuieren que sea sencillo. \n\t<\/h4>\n\t<p>La polic\u00eda intentar\u00e1 convencerte de que no es necesario un abogado. Que est\u00e1n intentando ayudarte. Puede que incluso se muestren sorprendidos o confusos, como si fuera la primera persona a la que oyen pedir consejo legal. La polic\u00eda intentar\u00e1 decirte que es mucho m\u00e1s sencillo y f\u00e1cil mantener a los abogados al margen. Es m\u00e1s f\u00e1cil, para ellos.<\/p>\n<p><strong>Date cuenta de esto:<\/strong> Si no eres v\u00edctima de un delito, la polic\u00eda no est\u00e1 para ayudarte. Y la ley dice que pueden mentirte -todo lo que quieran- si con ello consiguen que confieses. As\u00ed que, si no eres v\u00edctima de un delito, si la polic\u00eda te pide que vengas a charlar, no puedes fiarte de nada de lo que te digan.<\/p>\n<p><strong>Entonces, \u00bfa qui\u00e9n debe llamar cuando le busca la polic\u00eda? A tu abogado.<\/strong> \u00bfY qui\u00e9n deber\u00eda ir con usted a ver a la polic\u00eda? Su abogado. \u00bfY por qu\u00e9? Porque tu abogado puede llamar al detective y averiguar qu\u00e9 est\u00e1 pasando.<\/p>\n<h3>\n\t\tServicios\n\t<\/h3>\n\t\t\t\t\t<ul id=\"menu-services-criminal-defense\"><li id=\"menu-item-4740\"><a href=\"https:\/\/www.brill-legal.com\/es\/nuestros-servicios\/defensa-penal\/\">Defensa Penal<\/a><\/li>\n<li id=\"menu-item-4749\"><a href=\"https:\/\/www.brill-legal.com\/es\/nuestros-servicios\/defensa-penal\/fraude-robo-y-delitos-de-cuello-blanco\/\">Fraude, robo y delitos de cuello blanco<\/a><\/li>\n<li id=\"menu-item-4742\"><a href=\"https:\/\/www.brill-legal.com\/es\/nuestros-servicios\/defensa-penal\/ciberdelincuencia-en-internet\/\">Delitos en Internet<\/a><\/li>\n<li id=\"menu-item-4750\"><a href=\"https:\/\/www.brill-legal.com\/es\/nuestros-servicios\/defensa-penal\/violencia-domestica\/\">Violencia dom\u00e9stica<\/a><\/li>\n<li id=\"menu-item-4743\"><a href=\"https:\/\/www.brill-legal.com\/es\/nuestros-servicios\/defensa-penal\/delitos-sexuales\/\">Delitos sexuales<\/a><\/li>\n<li id=\"menu-item-4745\"><a href=\"https:\/\/www.brill-legal.com\/es\/nuestros-servicios\/audiencias-disciplinarias-investigaciones\/\">Audiencias e investigaciones disciplinarias<\/a><\/li>\n<li id=\"menu-item-4744\"><a href=\"https:\/\/www.brill-legal.com\/es\/nuestros-servicios\/\">Todos los servicios<\/a><\/li>\n<\/ul>\t\n\t<h3>\n\t\tContacto\n\t<\/h3>\n\t<p>P\u00f3ngase en contacto con nosotros hoy mismo para una consulta gratuita. Estamos a su disposici\u00f3n <strong>24<\/strong> horas al d\u00eda, <strong>7<\/strong> d\u00edas a la semana, y <strong>365<\/strong> d\u00edas al a\u00f1o.<\/p>\n\t\t\t<a href=\"\" target=\"_self\" role=\"button\" rel=\"noopener\">\n\t\t\t\t\t\t\tProgramar ahora\n\t\t\t\t\t<\/a>\n\t\t\t<a href=\"\" target=\"_self\" role=\"button\" rel=\"noopener\">\n\t\t\t\t\t\t\tConoce a nuestro equipo\n\t\t\t\t\t<\/a>\n<h3>\n\t\tD\u00e9jenos hacer el trabajo preliminar\n\t<\/h3>\n\t<p>La polic\u00eda suele hablar con nosotros. Podemos averiguar si est\u00e1n planeando detenerte o si realmente eres s\u00f3lo un testigo. Podemos averiguar si de verdad quieren \"o\u00edr su versi\u00f3n de los hechos\" o si solo era una treta poco convincente para que se entregara.<\/p>\n\t\t\t\t<img loading=\"lazy\" decoding=\"async\" src=\"https:\/\/www.brill-legal.com\/wp-content\/uploads\/2016\/07\/exonerations.png\" alt=\"exoneraciones\" itemprop=\"image\" height=\"275\" width=\"888\" title=\"exoneraciones\" onerror=\"this.style.display='none'\">\n\t<p>Tu abogado puede sentarse contigo y con la polic\u00eda cuando te entrevisten. Tu abogado puede decirte qu\u00e9 preguntas responder y qu\u00e9 preguntas no responder (en otras palabras, cu\u00e1ndo callarte).<\/p>\n<p><strong>A la polic\u00eda se le da muy bien utilizar lo que dices en tu contra.<\/strong> Por instinto, la mayor\u00eda de la gente quiere complacer a la polic\u00eda cuando habla con ella, lo que a menudo les hace decir cosas que creen que la polic\u00eda quiere o\u00edr. A veces, esas cosas no son exactamente ciertas. Pero pasan a formar parte de su declaraci\u00f3n, y su declaraci\u00f3n puede ser -y ser\u00e1- utilizada en su contra.<\/p>\n<p>Los polic\u00edas son expertos en detectar mentiras. Te har\u00e1n las mismas preguntas una y otra vez y notar\u00e1n peque\u00f1as diferencias en las respuestas. Entonces cuestionar\u00e1n la validez de toda tu declaraci\u00f3n.<\/p>\n<p><strong>Su abogado no permitir\u00e1 que esto ocurra.<\/strong> Tu abogado se asegurar\u00e1 de que respondas s\u00f3lo lo necesario. La polic\u00eda no puede sacarte una confesi\u00f3n si no consigue que digas lo que quiere o\u00edr.<\/p>\n\t\t<h4>Excelente servicio. Brill Legal fue un soplo de aire fresco y Peter es un genio. No s\u00f3lo es meticuloso y pr\u00e1ctico, sino que hace el trabajo r\u00e1pido, especialmente cuando hay plazos de entrega cortos. Recomiendo encarecidamente a Peter y al personal de Brill.<\/h4>\t\t\t\n\t\t\t\t<p>- T.H.<\/p>\n<h3>\n\t\tHable con un abogado pase lo que pase\n\t<\/h3>\n\t<p>Es igualmente importante hablar primero con un abogado si va a admitir un delito. Usted puede pensar que es sabio confesar a la polic\u00eda. Esta es una elecci\u00f3n equivocada.<\/p>\n<h3>\n\t\tLa polic\u00eda no puede negociar acuerdos de culpabilidad\n\t<\/h3>\n\t<p>La polic\u00eda puede sugerir que las consecuencias si confiesa ahora ser\u00e1n menores que si recibe una condena m\u00e1s tarde. No les crea. S\u00f3lo los fiscales pueden negociar las penas por un delito, no los polic\u00edas.<\/p>\n<p>La polic\u00eda intentar\u00e1 que digas lo m\u00e1ximo posible para abrir la puerta a cargos adicionales, o cargos m\u00e1s graves. Ese es su trabajo.<\/p>\n<p>Si confiesa ante la polic\u00eda, el caso de la fiscal\u00eda contra usted es pan comido. No tienen ning\u00fan incentivo para ofrecerle un acuerdo con la fiscal\u00eda, es decir, una acusaci\u00f3n o condena menor a cambio de una confesi\u00f3n. Por otro lado, si habla primero con su abogado, \u00e9ste negociar\u00e1 con la fiscal\u00eda un acuerdo que le beneficie.<\/p>\n<p><strong>Todos los d\u00edas, alguien recuerda un encuentro con la polic\u00eda y desea no haber hablado. Pero nadie echa la vista atr\u00e1s y desea no haber llamado a su abogado.<\/strong><\/p>\n<p>No llame primero a ese detective. Llame a su abogado. Ll\u00e1menos a nosotros.<\/p>\n<p>Programe una consulta inicial gratuita con un abogado de nuestro bufete. Cont\u00e1ctenos en l\u00ednea o ll\u00e1menos al Suffolk al 631-479-2180, a Manhattan al 212-233-4141 o al Nassau al 516-342-5020. Llamada gratuita: 888-309-8876.<\/p>","protected":false},"excerpt":{"rendered":"<p>Cuando la polic\u00eda quiere hablar \u00bfQu\u00e9 debe hacer cuando la polic\u00eda quiere hablar con usted? Llama a tu abogado al Brill Legal Group, P.C. Hoy has llegado a casa del trabajo y hay una tarjeta de visita de un detective del New York bajo tu puerta. Llamas al n\u00famero de la tarjeta. Te dice que...<\/p>","protected":false},"author":1,"featured_media":5273,"parent":272,"menu_order":0,"comment_status":"closed","ping_status":"closed","template":"","meta":{"_acf_changed":false,"episode_type":"","audio_file":"","cover_image":"","cover_image_id":"","duration":"","filesize":"","date_recorded":"","explicit":"","block":"","itunes_episode_number":"","itunes_title":"","itunes_season_number":"","itunes_episode_type":"","filesize_raw":"","footnotes":""},"class_list":["post-1860","page","type-page","status-publish","has-post-thumbnail","hentry"],"acf":[],"_links":{"self":[{"href":"https:\/\/www.brill-legal.com\/es\/wp-json\/wp\/v2\/pages\/1860","targetHints":{"allow":["GET"]}}],"collection":[{"href":"https:\/\/www.brill-legal.com\/es\/wp-json\/wp\/v2\/pages"}],"about":[{"href":"https:\/\/www.brill-legal.com\/es\/wp-json\/wp\/v2\/types\/page"}],"author":[{"embeddable":true,"href":"https:\/\/www.brill-legal.com\/es\/wp-json\/wp\/v2\/users\/1"}],"replies":[{"embeddable":true,"href":"https:\/\/www.brill-legal.com\/es\/wp-json\/wp\/v2\/comments?post=1860"}],"version-history":[{"count":5,"href":"https:\/\/www.brill-legal.com\/es\/wp-json\/wp\/v2\/pages\/1860\/revisions"}],"predecessor-version":[{"id":5881,"href":"https:\/\/www.brill-legal.com\/es\/wp-json\/wp\/v2\/pages\/1860\/revisions\/5881"}],"up":[{"embeddable":true,"href":"https:\/\/www.brill-legal.com\/es\/wp-json\/wp\/v2\/pages\/272"}],"wp:featuredmedia":[{"embeddable":true,"href":"https:\/\/www.brill-legal.com\/es\/wp-json\/wp\/v2\/media\/5273"}],"wp:attachment":[{"href":"https:\/\/www.brill-legal.com\/es\/wp-json\/wp\/v2\/media?parent=1860"}],"curies":[{"name":"wp","href":"https:\/\/api.w.org\/{rel}","templated":true}]}}