{"id":150,"date":"2015-12-03T00:49:14","date_gmt":"2015-12-03T00:49:14","guid":{"rendered":"http:\/\/host2.adviahost.net\/~brilllegal\/?page_id=150"},"modified":"2025-11-28T21:41:20","modified_gmt":"2025-11-28T21:41:20","slug":"vih-agravado","status":"publish","type":"page","link":"https:\/\/www.brill-legal.com\/es\/nuestros-servicios\/defensa-penal\/dwi\/vih-agravado\/","title":{"rendered":"Conducci\u00f3n bajo los efectos del alcohol con agravantes"},"content":{"rendered":"<p>DWI agravado no es una cuesti\u00f3n de estar \"un poco achispado\". Por definici\u00f3n, este cargo grave alega que el alcohol en su sistema era m\u00e1s del doble del l\u00edmite legal.<\/p>\n\n\n\n<p>Una condena por DWI\/DUI agravado conlleva penas muy duras. Una condena bajo la Ley de Leandra, por conducir ebrio con un ni\u00f1o en el coche, puede ser a\u00fan peor. Pero usted no esta condenado, todavia. Hay defensas leg\u00edtimas que un abogado con experiencia puede explorar.<\/p>\n\n\n\n<p>El Brill Legal Group en Hauppauge ha desafiado con \u00e9xito estos cargos, ayudando a los clientes a evitar las sanciones penales y de licencia, o minimizar las consecuencias. P\u00f3ngase en contacto con nosotros inmediatamente para la explicaci\u00f3n y la protecci\u00f3n vigorosa de sus derechos.<\/p>\n\n\n\n<h3 class=\"wp-block-heading\">Penas m\u00e1s duras por mayor intoxicaci\u00f3n<\/h3>\n\n\n\n<p>Contenido de alcohol en sangre (BAC) medido en <strong>.18 o superior<\/strong> es acusado como DWI agravado. El castigo, incluso para un primer delito, puede incluir:<\/p>\n\n\n\n<ul class=\"wp-block-list\">\n<li>Posible pena de c\u00e1rcel<\/li>\n\n\n\n<li>Revocaci\u00f3n de la licencia por <strong>un a\u00f1o<\/strong> (en comparaci\u00f3n con la suspensi\u00f3n de seis meses por DWI)<\/li>\n\n\n\n<li>Bloqueo de encendido instalado en su veh\u00edculo<\/li>\n\n\n\n<li>Evaluaci\u00f3n obligatoria y tratamiento del alcoholismo (OASAS)<\/li>\n\n\n\n<li>Supervisi\u00f3n de la libertad condicional<\/li>\n\n\n\n<li>Multas y costas judiciales elevadas<\/li>\n<\/ul>\n\n\n\n<p>El cargo de DWI agravado se basa en el alcohol en su <em>sangre<\/em>, pero el Intoxilyzer 5000 utilizado por New York aplicaci\u00f3n de la ley del Estado mide el alcohol en su <em>aliento<\/em>. Muchos factores pueden causar una lectura falsa de .18 o m\u00e1s. O, si usted estuvo implicado en un accidente y las autoridades sacaron su sangre sin consentimiento expreso, la muestra pudo haber sido contaminada de muchas maneras. En cualquier DWI, examinamos la causa probable para la parada de tr\u00e1fico y la conducta del oficial para determinar si sus derechos fueron violados en el camino a estos cargos.<\/p>\n\n\n\n<h3 class=\"wp-block-heading\">Compromiso con su causa<\/h3>\n\n\n\n<p>En resumen, un arresto por DWI agravado es un duro despertar, pero una condena no es un hecho. El Brill Legal Group le guiar\u00e1 a trav\u00e9s de este proceso de miedo, si este es su primer arresto por DWI o un delito de reincidencia. Vamos a agotar todas las defensas para obtener cargos despedidos o reducidos, o en su representaci\u00f3n en el juicio. Nuestro objetivo es poner este episodio detr\u00e1s de usted con las sanciones penales menos, sanciones de licencia y consecuencias colaterales.<\/p>\n\n\n\n<p><strong>\u00bfArrestado por conducir ebrio con agravantes?<\/strong><\/p>\n\n\n\n<p>Con oficinas en Hauppauge, Hempstead y <a href=\"https:\/\/www.brill-legal.com\/es\/nuestros-servicios\/defensa-penal\/abogado-de-defensa-criminal-en-manhattan\/\">Manhattan<\/a>, representamos a los acusados en Nassau County, Suffolk County y en todo New York City. P\u00f3ngase en contacto con nosotros<strong><em>gratis<\/em> consulta inicial.<\/strong> Estamos disponibles las 24 horas del d\u00eda, los 7 d\u00edas de la semana y los 365 d\u00edas del a\u00f1o. Su llamada siempre ser\u00e1 atendida, sea cual sea la hora del d\u00eda.<\/p>\n\n\n\n<p><strong>Suffolk 631-204-8254 - Manhattan 212-233-4141 - Nassau 516-206-2002<br><\/strong>Tel\u00e9fono gratuito 888-315-9841<\/p>","protected":false},"excerpt":{"rendered":"<p>DWI agravado no es una cuesti\u00f3n de estar \"un poco achispado\". Por definici\u00f3n, este cargo grave alega que el alcohol en su sistema era m\u00e1s del doble del l\u00edmite legal. Una condena por DWI\/DUI agravado conlleva penas muy severas. Una condena bajo la Ley de Leandra, por conducir ebrio con un ni\u00f1o en el coche, puede ser...<\/p>","protected":false},"author":1,"featured_media":4899,"parent":98,"menu_order":0,"comment_status":"closed","ping_status":"closed","template":"","meta":{"_acf_changed":false,"episode_type":"","audio_file":"","cover_image":"","cover_image_id":"","duration":"","filesize":"","date_recorded":"","explicit":"","block":"","itunes_episode_number":"","itunes_title":"","itunes_season_number":"","itunes_episode_type":"","filesize_raw":"","footnotes":""},"class_list":["post-150","page","type-page","status-publish","has-post-thumbnail","hentry"],"acf":[],"_links":{"self":[{"href":"https:\/\/www.brill-legal.com\/es\/wp-json\/wp\/v2\/pages\/150","targetHints":{"allow":["GET"]}}],"collection":[{"href":"https:\/\/www.brill-legal.com\/es\/wp-json\/wp\/v2\/pages"}],"about":[{"href":"https:\/\/www.brill-legal.com\/es\/wp-json\/wp\/v2\/types\/page"}],"author":[{"embeddable":true,"href":"https:\/\/www.brill-legal.com\/es\/wp-json\/wp\/v2\/users\/1"}],"replies":[{"embeddable":true,"href":"https:\/\/www.brill-legal.com\/es\/wp-json\/wp\/v2\/comments?post=150"}],"version-history":[{"count":8,"href":"https:\/\/www.brill-legal.com\/es\/wp-json\/wp\/v2\/pages\/150\/revisions"}],"predecessor-version":[{"id":7339,"href":"https:\/\/www.brill-legal.com\/es\/wp-json\/wp\/v2\/pages\/150\/revisions\/7339"}],"up":[{"embeddable":true,"href":"https:\/\/www.brill-legal.com\/es\/wp-json\/wp\/v2\/pages\/98"}],"wp:featuredmedia":[{"embeddable":true,"href":"https:\/\/www.brill-legal.com\/es\/wp-json\/wp\/v2\/media\/4899"}],"wp:attachment":[{"href":"https:\/\/www.brill-legal.com\/es\/wp-json\/wp\/v2\/media?parent=150"}],"curies":[{"name":"wp","href":"https:\/\/api.w.org\/{rel}","templated":true}]}}