{"id":1449,"date":"2015-12-16T13:18:41","date_gmt":"2015-12-16T13:18:41","guid":{"rendered":"http:\/\/host2.adviahost.net\/~brilllegal\/?page_id=1449"},"modified":"2025-06-09T18:38:25","modified_gmt":"2025-06-09T18:38:25","slug":"eliminacion-de-sanciones-de-ofac-sdn","status":"publish","type":"page","link":"https:\/\/www.brill-legal.com\/es\/nuestros-servicios\/defensa-penal\/defensa-penal-internacional-y-transnacional\/eliminacion-de-sanciones-de-ofac-sdn\/","title":{"rendered":"Supresi\u00f3n de sanciones SDN de la OFAC"},"content":{"rendered":"<p>La Oficina de Control de Activos Extranjeros (OFAC, por sus siglas en ingl\u00e9s), dependiente del Departamento del Tesoro de Estados Unidos, identifica a personas y empresas como \"nacionales especialmente designados\" (SDN, por sus siglas en ingl\u00e9s). La lista SDN de la OFAC incluye nombres de personas o grupos presunta o potencialmente implicados en terrorismo, narcotr\u00e1fico o blanqueo de capitales. A 31 de octubre de 2013, la lista SDN de la OFAC ten\u00eda 581 p\u00e1ginas. La inclusi\u00f3n en la lista puede tener consecuencias nefastas para una persona o entidad, tales como:<\/p>\n\n\n\n<ul class=\"wp-block-list\">\n<li>Restricciones de viaje<\/li>\n\n\n\n<li>Restricciones comerciales<\/li>\n\n\n\n<li><a href=\"\/es\/%5bsiteurl%5d\/nuestros-servicios\/defensa-penal\/defensa-en-extradicion-internacional\/eliminacion-de-la-notificacion-roja-de-interpol\/\">Difusi\u00f3n roja de Interpol<\/a> por arresto<\/li>\n\n\n\n<li>Sanciones<\/li>\n\n\n\n<li>Congelaci\u00f3n de activos<\/li>\n<\/ul>\n\n\n\n<p>En algunos casos, el Gobierno de Estados Unidos determina que una persona u organizaci\u00f3n debe figurar de por vida en la lista SDN de la OFAC. A una persona o empresa se le puede prohibir hacer negocios a nivel internacional como resultado de su inclusi\u00f3n en la lista SDN de la OFAC emitida por Estados Unidos.<\/p>\n\n\n\n<p>Cuando Brill Legal Group, P.C., en New York City representa a personas y empresas incluidas en la lista SDN de la OFAC, nuestros esfuerzos a menudo van m\u00e1s all\u00e1 de las acciones judiciales y los procesos legales. Es posible que tengamos que ejercer presi\u00f3n para conseguir que una organizaci\u00f3n deje de ser considerada una organizaci\u00f3n delictiva transnacional (TCO). Una designaci\u00f3n como TCO dar\u00e1 lugar a sanciones paralizantes basadas en cuestiones de pol\u00edtica exterior y seguridad nacional.<\/p>\n\n\n\n<h3 class=\"wp-block-heading\">Consiga que usted o su organizaci\u00f3n sean eliminados de la lista SDN de la OFAC<\/h3>\n\n\n\n<p>Desde despachos de abogados en Manhattan, Hauppauge, y Hempstead, el <a href=\"\/es\/%5bsiteurl%5d\/acerca-de-nosotros\/\">Brill Legal Group<\/a> ejerce en los tribunales estatales y federales de New York City, Nassau County y Suffolk County. Nuestros clientes a menudo se ponen en contacto con nosotros desde las comunidades locales, como Southampton y East Hampton, as\u00ed como de todo New York y de otros estados y pa\u00edses extranjeros. Nuestros abogados de defensa penal internacional y transnacional del New York agradecen las consultas sobre las opciones para solicitar la eliminaci\u00f3n de las sanciones SDN de la OFAC.<\/p>\n\n\n\n<p><a href=\"\/es\/%5bsiteurl%5d\/pongase-en-contacto-con\/\">P\u00f3ngase en contacto con nosotros<\/a> para un <strong>consulta inicial gratuita <\/strong>con un abogado. Estamos disponibles para llamadas 24 horas al d\u00eda, siete d\u00edas a la semana y 365 d\u00edas al a\u00f1o.<\/p>\n\n\n\n<p>Manhattan 212-233-4141 - Suffolk 631-204-8254 - Nassau 516-206-2002 - <strong>Tel\u00e9fono gratuito 888-315-9841<\/strong><\/p>","protected":false},"excerpt":{"rendered":"<p>La Oficina de Control de Activos Extranjeros (OFAC, por sus siglas en ingl\u00e9s), dependiente del Departamento del Tesoro de Estados Unidos, identifica a personas y empresas como \"nacionales especialmente designados\" (SDN, por sus siglas en ingl\u00e9s). La lista SDN de la OFAC incluye nombres de personas o grupos presunta o potencialmente implicados en terrorismo, narcotr\u00e1fico o blanqueo de capitales. A 31 de octubre de 2013, la lista SDN de la OFAC...<\/p>","protected":false},"author":1,"featured_media":6183,"parent":309,"menu_order":0,"comment_status":"closed","ping_status":"closed","template":"","meta":{"_acf_changed":false,"episode_type":"","audio_file":"","cover_image":"","cover_image_id":"","duration":"","filesize":"","date_recorded":"","explicit":"","block":"","itunes_episode_number":"","itunes_title":"","itunes_season_number":"","itunes_episode_type":"","filesize_raw":"","footnotes":""},"class_list":["post-1449","page","type-page","status-publish","has-post-thumbnail","hentry"],"acf":[],"_links":{"self":[{"href":"https:\/\/www.brill-legal.com\/es\/wp-json\/wp\/v2\/pages\/1449","targetHints":{"allow":["GET"]}}],"collection":[{"href":"https:\/\/www.brill-legal.com\/es\/wp-json\/wp\/v2\/pages"}],"about":[{"href":"https:\/\/www.brill-legal.com\/es\/wp-json\/wp\/v2\/types\/page"}],"author":[{"embeddable":true,"href":"https:\/\/www.brill-legal.com\/es\/wp-json\/wp\/v2\/users\/1"}],"replies":[{"embeddable":true,"href":"https:\/\/www.brill-legal.com\/es\/wp-json\/wp\/v2\/comments?post=1449"}],"version-history":[{"count":7,"href":"https:\/\/www.brill-legal.com\/es\/wp-json\/wp\/v2\/pages\/1449\/revisions"}],"predecessor-version":[{"id":7143,"href":"https:\/\/www.brill-legal.com\/es\/wp-json\/wp\/v2\/pages\/1449\/revisions\/7143"}],"up":[{"embeddable":true,"href":"https:\/\/www.brill-legal.com\/es\/wp-json\/wp\/v2\/pages\/309"}],"wp:featuredmedia":[{"embeddable":true,"href":"https:\/\/www.brill-legal.com\/es\/wp-json\/wp\/v2\/media\/6183"}],"wp:attachment":[{"href":"https:\/\/www.brill-legal.com\/es\/wp-json\/wp\/v2\/media?parent=1449"}],"curies":[{"name":"wp","href":"https:\/\/api.w.org\/{rel}","templated":true}]}}