{"id":1343,"date":"2015-12-15T21:06:07","date_gmt":"2015-12-15T21:06:07","guid":{"rendered":"http:\/\/host2.adviahost.net\/~brilllegal\/?page_id=1343"},"modified":"2022-12-21T22:36:55","modified_gmt":"2022-12-21T22:36:55","slug":"fraude-robo-y-delitos-de-cuello-blanco","status":"publish","type":"page","link":"https:\/\/www.brill-legal.com\/es\/nuestros-servicios\/defensa-penal\/fraude-robo-y-delitos-de-cuello-blanco\/","title":{"rendered":"Fraude, robo y delitos de cuello blanco"},"content":{"rendered":"<!-- Flexy Breadcrumb -->\n\t\t\t\t<!-- Breadcrumb wrapper -->\n\t\t\t\t\t<!-- Ordered list-->\n\t\t\t\t\t<ol itemscope=\"\" itemtype=\"https:\/\/schema.org\/BreadcrumbList\">\n\t\t\t\t\t\t            <li itemprop=\"itemListElement\" itemscope=\"\" itemtype=\"https:\/\/schema.org\/ListItem\">\n                    <!-- Home Link -->\n                    <a itemprop=\"item\" href=\"\/es\/\">\n                                                    Inicio                    <\/a>\n                <meta itemprop=\"position\" content=\"1\"><!-- Meta Position-->\n             <\/li><li>\/<\/li><li itemprop=\"itemListElement\" itemscope=\"\" itemtype=\"https:\/\/schema.org\/ListItem\"><a itemprop=\"item\" page-parent=\"96\" href=\"https:\/\/www.brill-legal.com\/es\/nuestros-servicios\/\" title=\"Nuestros servicios\">Nuestros servicios<\/a><meta itemprop=\"position\" content=\"2\"><\/li><li>\/<\/li><li itemprop=\"itemListElement\" itemscope=\"\" itemtype=\"https:\/\/schema.org\/ListItem\"><a itemprop=\"item\" page-parent=\"75\" href=\"https:\/\/www.brill-legal.com\/es\/nuestros-servicios\/defensa-penal\/\" title=\"New York Abogados penalistas\">New York Defensa Penal...<\/a><meta itemprop=\"position\" content=\"3\"><\/li><li>\/<\/li><li itemprop=\"itemListElement\" itemscope=\"\" itemtype=\"https:\/\/schema.org\/ListItem\">Fraude, robo y blanqueo...<meta itemprop=\"position\" content=\"4\"><\/li>\t\t\t\t\t<\/ol>\n\t\t\t\n<h1>\n\t\tFraude, robo y delitos de cuello blanco\n\t<\/h1>\n<h2>\n\t\tNew York Abogado defensor de fraudes, robos y delitos de cuello blanco\n\t<\/h2>\n\t<p>Cuando las investigaciones se centran en usted o su empleador, es importante buscar inmediatamente asesoramiento legal con experiencia para asegurar que sus derechos est\u00e1n protegidos. Nuestros abogados de defensa criminal manejan una amplia gama de delitos menores y delitos graves de fraude, delitos de cuello blanco y cargos de malversaci\u00f3n.<\/p>\n<h3>\n\t\t<a href=\"https:\/\/www.brill-legal.com\/es\/nuestros-servicios\/defensa-penal\/delitos-de-cuello-blanco\/\" title=\"Delitos de cuello blanco\" target=\"_self\" rel=\"noopener\">\n\t\tDelitos de cuello blanco\n\t\t<\/a>\n\t<\/h3>\n\t<p>Representamos eficazmente a nuestros clientes en los distintos \u00e1mbitos en los que se desarrollan las investigaciones modernas y los casos de cuello blanco, incluidos el gran jurado, los tribunales federales y estatales, las audiencias del Congreso, los procedimientos de aplicaci\u00f3n de la normativa y los casos de fraude civil.<\/p>\n<p>Gestionamos audiencias ante el Departamento de Justicia, la Comisi\u00f3n del Mercado de Valores (SEC), la Autoridad Reguladora de la Industria Financiera (FINRA), el Servicio de Impuestos Internos (IRS), la Corporaci\u00f3n Federal de Seguros de Dep\u00f3sitos (FDIC), la Fiscal\u00eda General del Estado New York y el Departamento de Hacienda del Estado New York.<\/p>\n<p>A menudo representamos a funcionarios p\u00fablicos y otras personas en investigaciones pol\u00edticas y casos penales de gran repercusi\u00f3n. Los abogados del Brill Legal Group son l\u00edderes en asuntos como estos, habiendo representado a funcionarios p\u00fablicos y otras personas notables en muchas situaciones de gran visibilidad.<\/p>\n\t\t\t<a href=\"https:\/\/www.brill-legal.com\/es\/nuestros-servicios\/defensa-penal\/delitos-de-cuello-blanco\/\" target=\"_self\" role=\"button\" rel=\"noopener\">\n\t\t\t\t\t\t\tM\u00e1s informaci\u00f3n sobre nuestros servicios de defensa penal de cuello blanco\n\t\t\t\t\t<\/a>\n<h3>\n\t\tServicios\n\t<\/h3>\n\t\t\t\t\t<ul id=\"menu-services-criminal-defense\"><li id=\"menu-item-4740\"><a href=\"https:\/\/www.brill-legal.com\/es\/nuestros-servicios\/defensa-penal\/\">Defensa Penal<\/a><\/li>\n<li id=\"menu-item-4749\"><a href=\"https:\/\/www.brill-legal.com\/es\/nuestros-servicios\/defensa-penal\/fraude-robo-y-delitos-de-cuello-blanco\/\">Fraude, robo y delitos de cuello blanco<\/a><\/li>\n<li id=\"menu-item-4742\"><a href=\"https:\/\/www.brill-legal.com\/es\/nuestros-servicios\/defensa-penal\/ciberdelincuencia-en-internet\/\">Delitos en Internet<\/a><\/li>\n<li id=\"menu-item-4750\"><a href=\"https:\/\/www.brill-legal.com\/es\/nuestros-servicios\/defensa-penal\/violencia-domestica\/\">Violencia dom\u00e9stica<\/a><\/li>\n<li id=\"menu-item-4743\"><a href=\"https:\/\/www.brill-legal.com\/es\/nuestros-servicios\/defensa-penal\/delitos-sexuales\/\">Delitos sexuales<\/a><\/li>\n<li id=\"menu-item-4745\"><a href=\"https:\/\/www.brill-legal.com\/es\/nuestros-servicios\/audiencias-disciplinarias-investigaciones\/\">Audiencias e investigaciones disciplinarias<\/a><\/li>\n<li id=\"menu-item-4744\"><a href=\"https:\/\/www.brill-legal.com\/es\/nuestros-servicios\/\">Todos los servicios<\/a><\/li>\n<\/ul>\t\n\t<h3>\n\t\tContacto\n\t<\/h3>\n\t<p>P\u00f3ngase en contacto con nosotros hoy mismo para una consulta gratuita. Estamos a su disposici\u00f3n <strong>24<\/strong> horas al d\u00eda, <strong>7<\/strong> d\u00edas a la semana, y <strong>365<\/strong> d\u00edas al a\u00f1o.<\/p>\n\t\t\t<a href=\"\" target=\"_self\" role=\"button\" rel=\"noopener\">\n\t\t\t\t\t\t\tProgramar ahora\n\t\t\t\t\t<\/a>\n\t\t\t<a href=\"\" target=\"_self\" role=\"button\" rel=\"noopener\">\n\t\t\t\t\t\t\tConoce a nuestro equipo\n\t\t\t\t\t<\/a>\n<h4>\n\t\tBrill Legal Group ofrece resultados\n\t<\/h4>\n\t<a href=\"#slide1\" target=\"_self\" aria-label=\"Ir a #slide1\" rel=\"noopener\"><\/a>\n\t\t\t<h3>Inocente<\/h3>\t\t\t\n\t\t\t\t<p>DWI y negarse a la prueba qu\u00edmica<\/p>\n\t\t\t<a href=\"https:\/\/www.brill-legal.com\/es\/casos-recientes\/\" target=\"_self\" role=\"button\" rel=\"noopener\">\n\t\t\t\t\t\t\tVer m\u00e1s resultados\n\t\t\t\t\t<\/a>\n<h3>\n\t\tNO CULPABLE\n\t<\/h3>\n<h4>\n\t\tDWI Y NEGARSE A LA PRUEBA QU\u00cdMICA\n\t<\/h4>\n\t<p>Nuestro cliente, residente en Croton-on-Hudson (condado de Westchester), fue acusado en el condado del Bronx de conducir ebrio y negarse a someterse a la prueba qu\u00edmica. La polic\u00eda aleg\u00f3 que encontr\u00f3 una botella de vodka medio llena en el coche del cliente. Tras un juicio con jurado de una semana de duraci\u00f3n con m\u00faltiples testigos policiales y civiles, el jurado emiti\u00f3 un veredicto de no culpabilidad en menos de media hora.<\/p>\n<h4>\n\t\tAdem\u00e1s, defendemos a clientes en las siguientes \u00e1reas:\n\t<\/h4>\n<h3>\n\t\t<a href=\"\/es\/nuestros-servicios\/defensa-penal\/delitos-de-cuello-blanco\/conspiracion\/\" title=\"Conspiraci\u00f3n\" target=\"_self\" rel=\"noopener\">\n\t\tConspiraci\u00f3n\n\t\t<\/a>\n\t<\/h3>\n\t<p>Si est\u00e1 siendo investigado o ya ha sido acusado de conspiraci\u00f3n, necesita un abogado que entienda las complejidades de la ley de conspiraci\u00f3n. En el Brill Legal Group, defendemos en\u00e9rgicamente a los clientes contra los cargos de conspiraci\u00f3n y los cargos penales subyacentes. Tenemos un historial de \u00e9xito en estos casos, y estamos dispuestos a poner nuestra experiencia y reputaci\u00f3n a trabajar para usted.<\/p>\n\t\t\t<a href=\"\/es\/nuestros-servicios\/defensa-penal\/delitos-de-cuello-blanco\/conspiracion\/\" target=\"_self\" role=\"button\" rel=\"noopener\">\n\t\t\t\t\t\t\tM\u00e1s informaci\u00f3n\n\t\t\t\t\t<\/a>\n<h3>\n\t\t<a href=\"\/es\/nuestros-servicios\/defensa-penal\/delitos-de-cuello-blanco\/espionaje-empresarial\/\" title=\"Espionaje empresarial\" target=\"_self\" rel=\"noopener\">\n\t\tEspionaje empresarial\n\t\t<\/a>\n\t<\/h3>\n\t<p>Cuando la mayor\u00eda de la gente oye la palabra \"espionaje\", piensa en James Bond, esp\u00edas, cuestiones de seguridad nacional y agentes de un gobierno que venden informaci\u00f3n de seguridad nacional a otro pa\u00eds. El espionaje empresarial puede considerarse el equivalente en el sector privado. Se trata esencialmente de una empresa que trata de obtener una ventaja mediante la obtenci\u00f3n de secretos comerciales de otra empresa.<\/p>\n\t\t\t<a href=\"\/es\/nuestros-servicios\/defensa-penal\/delitos-de-cuello-blanco\/espionaje-empresarial\/\" target=\"_self\" role=\"button\" rel=\"noopener\">\n\t\t\t\t\t\t\tM\u00e1s informaci\u00f3n\n\t\t\t\t\t<\/a>\n<h3>\n\t\t<a href=\"\/es\/nuestros-servicios\/defensa-penal\/delitos-de-cuello-blanco\/fraude-hipotecario\/\" title=\"Fraude hipotecario\" target=\"_self\" rel=\"noopener\">\n\t\tFraude hipotecario\n\t\t<\/a>\n\t<\/h3>\n\t<p>Los legisladores han colmado las lagunas que permit\u00edan conceder varias hipotecas sobre la misma propiedad o conspirar para inflar artificialmente los valores de mercado con el fin de \"vender\" propiedades para obtener beneficios. Pero con unas normas y un escrutinio m\u00e1s estrictos, muchos inocentes se han convertido en el blanco de una investigaci\u00f3n por fraude. El Brill Legal Group ha representado a especuladores leg\u00edtimos que compran viviendas embargadas o en venta al descubierto, y a personas corrientes que compran una vivienda no para darle la vuelta, sino para vivir en ella o para proporcionar espacio a la familia.<\/p>\n\t\t\t<a href=\"\/es\/nuestros-servicios\/defensa-penal\/delitos-de-cuello-blanco\/fraude-hipotecario\/\" target=\"_self\" role=\"button\" rel=\"noopener\">\n\t\t\t\t\t\t\tM\u00e1s informaci\u00f3n\n\t\t\t\t\t<\/a>\n<h3>\n\t\t<a href=\"\/es\/nuestros-servicios\/defensa-penal\/delitos-de-cuello-blanco\/rico-federalestado\/\" title=\"RICO - Federal\/Estatal\" target=\"_self\" rel=\"noopener\">\n\t\tRICO - Federal\/Estatal\n\t\t<\/a>\n\t<\/h3>\n\t<p>Una amplia variedad de actividades delictivas, como la prostituci\u00f3n, el tr\u00e1fico de drogas y el robo, pueden estar implicadas en un caso RICO. La complejidad de estos cargos exige la atenci\u00f3n de un abogado que entienda la naturaleza de las violaciones RICO. En el Brill Legal Group, hemos defendido con \u00e9xito a muchos clientes que se enfrentan a estos cargos.<\/p>\n\t\t\t<a href=\"\/es\/nuestros-servicios\/defensa-penal\/delitos-de-cuello-blanco\/rico-federalestado\/\" target=\"_self\" role=\"button\" rel=\"noopener\">\n\t\t\t\t\t\t\tM\u00e1s informaci\u00f3n\n\t\t\t\t\t<\/a>\n<h3>\n\t\t<a href=\"\/es\/nuestros-servicios\/defensa-penal\/delitos-de-cuello-blanco\/fraude-de-valores\/\" title=\"Fraude de valores\" target=\"_self\" rel=\"noopener\">\n\t\tFraude de valores\n\t\t<\/a>\n\t<\/h3>\n\t<p>El Brill Legal Group, con oficinas en el Distrito Financiero de Manhattan y en Long Island, ha defendido con \u00e9xito a agentes de bolsa, ejecutivos de corretaje, gestores de fondos y asesores de inversi\u00f3n acusados de estafar a inversores o de incumplimiento de deberes fiduciarios. Contamos con una amplia experiencia en litigios de valores en tribunales estatales y federales de todo el pa\u00eds, as\u00ed como en la gesti\u00f3n de la aplicaci\u00f3n de valores no p\u00fablicos y asuntos de cumplimiento interno. Nuestros abogados representan a clientes en todo el New York City, as\u00ed como en los condados de Nassau y Suffolk.<\/p>\n\t\t\t<a href=\"\/es\/nuestros-servicios\/defensa-penal\/delitos-de-cuello-blanco\/fraude-de-valores\/\" target=\"_self\" role=\"button\" rel=\"noopener\">\n\t\t\t\t\t\t\tM\u00e1s informaci\u00f3n\n\t\t\t\t\t<\/a>\n<h3>\n\t\t<a href=\"\/es\/nuestros-servicios\/defensa-penal\/ciberdelincuencia-en-internet\/robo-de-identidad\/\" title=\"Robo de identidad\" target=\"_self\" rel=\"noopener\">\n\t\tRobo de identidad\n\t\t<\/a>\n\t<\/h3>\n\t<p>Las fuerzas de seguridad estatales y federales est\u00e1n dedicando m\u00e1s recursos a combatir el robo de identidad y el fraude con tarjetas de cr\u00e9dito. Cuentan con la colaboraci\u00f3n de bancos y empresas de tarjetas de cr\u00e9dito que pierden millones y millones cada a\u00f1o por compras fraudulentas. Si se ha visto atrapado en la redada, el Brill Legal Group del distrito financiero de Manhattan le ofrece una defensa sofisticada para contrarrestar los argumentos del gobierno en su contra.<\/p>\n\t\t\t<a href=\"\/es\/nuestros-servicios\/defensa-penal\/ciberdelincuencia-en-internet\/robo-de-identidad\/\" target=\"_self\" role=\"button\" rel=\"noopener\">\n\t\t\t\t\t\t\tM\u00e1s informaci\u00f3n\n\t\t\t\t\t<\/a>\n<h3>\n\t\t<a href=\"\/es\/nuestros-servicios\/defensa-penal\/ciberdelincuencia-en-internet\/fraude-con-tarjetas-de-credito\/\" title=\"Fraude con tarjetas de cr\u00e9dito\" target=\"_self\" rel=\"noopener\">\n\t\tFraude con tarjetas de cr\u00e9dito\n\t\t<\/a>\n\t<\/h3>\n\t<p>El fraude con tarjetas de cr\u00e9dito puede incluir el uso de tarjetas falsificadas, el robo f\u00edsico de una tarjeta, el robo de datos, el uso de esos datos para realizar compras en l\u00ednea y el uso no autorizado de informaci\u00f3n para obtener un nuevo cr\u00e9dito. Los cargos asociados a estos delitos incluyen el robo de tarjetas de cr\u00e9dito, la posesi\u00f3n de tarjetas de cr\u00e9dito robadas, el uso ilegal de una tarjeta de cr\u00e9dito, la falsificaci\u00f3n y el robo de identidad.<\/p>\n\t\t\t<a href=\"\/es\/nuestros-servicios\/defensa-penal\/ciberdelincuencia-en-internet\/fraude-con-tarjetas-de-credito\/\" target=\"_self\" role=\"button\" rel=\"noopener\">\n\t\t\t\t\t\t\tM\u00e1s informaci\u00f3n\n\t\t\t\t\t<\/a>\n<h3>\n\t\t<a href=\"\/es\/nuestros-servicios\/defensa-penal\/cargos-por-fraude-de-medicamentos-con-receta-en-nueva-york\/\" title=\"Fraude de medicamentos con receta\" target=\"_self\" rel=\"noopener\">\n\t\tFraude de medicamentos con receta\n\t\t<\/a>\n\t<\/h3>\n\t<p>Tanto la fiscal\u00eda de EE.UU. como la oficina del fiscal general New York est\u00e1n tomando medidas en\u00e9rgicas contra m\u00e9dicos y farmac\u00e9uticos, mientras que las fuerzas de seguridad locales persiguen a los traficantes y consumidores callejeros. Estas medidas siempre atrapan a personas inocentes o dan lugar a acusaciones excesivas contra los participantes de bajo nivel. Brill Legal Group, P.C., en New York representa a cualquier persona acusada de fraude de medicamentos con receta o delito grave de posesi\u00f3n de una sustancia controlada.<\/p>\n\t\t\t<a href=\"\/es\/nuestros-servicios\/defensa-penal\/cargos-por-fraude-de-medicamentos-con-receta-en-nueva-york\/\" target=\"_self\" role=\"button\" rel=\"noopener\">\n\t\t\t\t\t\t\tM\u00e1s informaci\u00f3n\n\t\t\t\t\t<\/a>\n\t\t<h4>Excelente servicio. Brill Legal fue un soplo de aire fresco y Peter es un genio. No s\u00f3lo es meticuloso y pr\u00e1ctico, sino que hace el trabajo r\u00e1pido, especialmente cuando hay plazos de entrega cortos. Recomiendo encarecidamente a Peter y al personal de Brill.<\/h4>\t\t\t\n\t\t\t\t<p>- T.H.<\/p>\n<h3>\n\t\tContigo en todo momento\n\t<\/h3>\n\t<p>Nuestro objetivo es hacer que sus opciones sean lo m\u00e1s claras posible y trabajar para simplificar el proceso para que pueda tener confianza en las decisiones que tome y entender sus opciones en cada etapa del proceso penal.<\/p>","protected":false},"excerpt":{"rendered":"<p>Inicio \/ Nuestros Servicios \/ New York Defensa Penal... \/ Fraude, Robo y Delitos de Cuello Blanco... Fraude, Robo y Delitos de Cuello Blanco New York Defensa Penal en Fraude, Robo y Delitos de Cuello Blanco Cuando las investigaciones apuntan a usted o a su empleador, es importante buscar inmediatamente asesoramiento legal experimentado para asegurar que sus derechos est\u00e9n protegidos. Nuestra defensa criminal...<\/p>","protected":false},"author":1,"featured_media":5609,"parent":75,"menu_order":0,"comment_status":"closed","ping_status":"closed","template":"","meta":{"_acf_changed":false,"episode_type":"","audio_file":"","cover_image":"","cover_image_id":"","duration":"","filesize":"","date_recorded":"","explicit":"","block":"","itunes_episode_number":"","itunes_title":"","itunes_season_number":"","itunes_episode_type":"","filesize_raw":"","footnotes":""},"class_list":["post-1343","page","type-page","status-publish","has-post-thumbnail","hentry"],"acf":[],"_links":{"self":[{"href":"https:\/\/www.brill-legal.com\/es\/wp-json\/wp\/v2\/pages\/1343","targetHints":{"allow":["GET"]}}],"collection":[{"href":"https:\/\/www.brill-legal.com\/es\/wp-json\/wp\/v2\/pages"}],"about":[{"href":"https:\/\/www.brill-legal.com\/es\/wp-json\/wp\/v2\/types\/page"}],"author":[{"embeddable":true,"href":"https:\/\/www.brill-legal.com\/es\/wp-json\/wp\/v2\/users\/1"}],"replies":[{"embeddable":true,"href":"https:\/\/www.brill-legal.com\/es\/wp-json\/wp\/v2\/comments?post=1343"}],"version-history":[{"count":64,"href":"https:\/\/www.brill-legal.com\/es\/wp-json\/wp\/v2\/pages\/1343\/revisions"}],"predecessor-version":[{"id":6551,"href":"https:\/\/www.brill-legal.com\/es\/wp-json\/wp\/v2\/pages\/1343\/revisions\/6551"}],"up":[{"embeddable":true,"href":"https:\/\/www.brill-legal.com\/es\/wp-json\/wp\/v2\/pages\/75"}],"wp:featuredmedia":[{"embeddable":true,"href":"https:\/\/www.brill-legal.com\/es\/wp-json\/wp\/v2\/media\/5609"}],"wp:attachment":[{"href":"https:\/\/www.brill-legal.com\/es\/wp-json\/wp\/v2\/media?parent=1343"}],"curies":[{"name":"wp","href":"https:\/\/api.w.org\/{rel}","templated":true}]}}