{"id":1340,"date":"2015-12-15T20:06:05","date_gmt":"2015-12-15T20:06:05","guid":{"rendered":"http:\/\/host2.adviahost.net\/~brilllegal\/?page_id=1340"},"modified":"2025-11-28T21:42:30","modified_gmt":"2025-11-28T21:42:30","slug":"dwi-negativa-de-alcoholimetro","status":"publish","type":"page","link":"https:\/\/www.brill-legal.com\/es\/nuestros-servicios\/defensa-penal\/dwi\/dwi-negativa-de-alcoholimetro\/","title":{"rendered":"DWI: La negativa de alcohol\u00edmetro"},"content":{"rendered":"<p><strong>\u00bfSe neg\u00f3 a dar una muestra? <em>Deber\u00eda<\/em> \u00bfte niegas? \u00bfEs demasiado tarde para importar?<\/strong><\/p>\n\n\n\n<p>P\u00f3ngase en contacto con el Brill Legal Group inmediatamente, haya pasado el tiempo que haya pasado. Es posible que podamos reparar el da\u00f1o o demostrar que la polic\u00eda cometi\u00f3 errores al gestionar su situaci\u00f3n.<\/p>\n\n\n\n<p><strong>Suffolk: 631-204-8254 - Manhattan: 212-233-4141 - Nassau: 516-206-2002.<br>Llamada gratuita: 888-315-9841.<\/strong><\/p>\n\n\n\n<h3 class=\"wp-block-heading\">Long Island y NYC Ley de Consentimiento Impl\u00edcito - Breathalyzer Refusal Defense<\/h3>\n\n\n\n<p>Peter Brill es un ex Nassau County Asistente del Fiscal de Distrito, el condado con algunas de las cifras m\u00e1s altas de DWI en el estado, y un abogado de defensa criminal con 10 a\u00f1os de experiencia en <a href=\"\/es\/%5bsiteurl%5d\/nuestros-servicios\/defensa-penal\/dwi\/\">Defensa DWI<\/a> y audiencias del DMV. Nuestro equipo legal ha ayudado a muchos clientes de Long Island y New York City derrota cargos de denegaci\u00f3n y retener sus privilegios de conducir.<\/p>\n\n\n\n<ul class=\"wp-block-list\">\n<li>Por ley, <strong>el oficial de arresto debe dejar claro que su licencia <em>se<\/em> sea revocada<\/strong> si te niegas a la prueba. De hecho, la polic\u00eda est\u00e1 obligada a (a) leer esto de un gui\u00f3n y (b) decirlo dos veces. Si no se sigui\u00f3 este protocolo, es posible que se le restituyan los privilegios de conducir, o incluso que se desestimen los cargos.<\/li>\n\n\n\n<li>La polic\u00eda debe medir tu tasa de alcoholemia <strong>en menos de dos horas<\/strong> de su detenci\u00f3n. Durante ese per\u00edodo, se le debe permitir ponerse en contacto con un abogado, pero s\u00f3lo si usted lo solicita. Si pasaron m\u00e1s de dos horas o si se le impidi\u00f3 obtener asesoramiento jur\u00eddico, la acusaci\u00f3n de denegaci\u00f3n no puede mantenerse.<\/li>\n\n\n\n<li>\u00bfTen\u00eda el oficial <strong>causa probable<\/strong> para pararle en primer lugar? Si no es as\u00ed, los cargos por conducir ebrio y negarse a pasar el alcohol\u00edmetro pueden desaparecer por completo.<\/li>\n<\/ul>\n\n\n\n<h3 class=\"wp-block-heading\">La audiencia del DMV para salvar su licencia<\/h3>\n\n\n\n<p>La revocaci\u00f3n de la licencia por negarse a someterse al alcohol\u00edmetro no es inmediata. Habr\u00e1 una audiencia de rechazo dentro de los 10 d\u00edas del arresto ante un juez del Departamento de Veh\u00edculos Motorizados para determinar si usted se neg\u00f3 inteligente y persistentemente a someterse a la prueba.<\/p>\n\n\n\n<p>Si el oficial que lo arrest\u00f3 no se presenta, usted puede mantener su licencia hasta su segunda audiencia (usualmente dos o tres meses despu\u00e9s). Si el juez de la audiencia confirma su revocaci\u00f3n, no podr\u00e1 obtener una licencia por dificultades, una licencia restringida o una licencia condicional (\"permiso de trabajo\") hasta que se resuelva su caso penal. Una vez revocada, la suspensi\u00f3n de la licencia o la revocaci\u00f3n de la licencia se mantiene, \u00a1incluso si usted gana su caso de DWI\/DWAI! Es por eso que usted debe defenderse en la audiencia de denegaci\u00f3n. Si usted no se presenta, o se presenta sin preparaci\u00f3n, usted esencialmente le ha dicho adi\u00f3s a su licencia.<\/p>\n\n\n\n<h3 class=\"wp-block-heading\">Defensa experimentada y en\u00e9rgica<\/h3>\n\n\n\n<p>Entendemos que perder su licencia es un gran problema, especialmente en Nassau County y Suffolk County, que no tienen las opciones de transporte p\u00fablico disponibles en NYC. Ofrecemos un <strong>consulta inicial gratuita,<\/strong> con oficinas en Hauppauge, Hempstead y <a href=\"https:\/\/www.brill-legal.com\/es\/nuestros-servicios\/defensa-penal\/abogado-de-defensa-criminal-en-manhattan\/\">Manhattan<\/a>. Su llamada ser\u00e1 atendida 24 horas al d\u00eda, siete d\u00edas a la semana, 365 d\u00edas al a\u00f1o.<\/p>","protected":false},"excerpt":{"rendered":"<p>\u00bfSe neg\u00f3 a dar una muestra? \u00bfDeber\u00eda negarse? \u00bfEs demasiado tarde? P\u00f3ngase en contacto con el Brill Legal Group inmediatamente, haya pasado el tiempo que haya pasado. Es posible que podamos deshacer el da\u00f1o - o demostrar que la polic\u00eda cometi\u00f3 errores en el manejo de su situaci\u00f3n. Suffolk: 631-204-8254 - Manhattan: 212-233-4141 - Nassau:...<\/p>","protected":false},"author":1,"featured_media":5044,"parent":98,"menu_order":0,"comment_status":"closed","ping_status":"closed","template":"","meta":{"_acf_changed":false,"episode_type":"","audio_file":"","cover_image":"","cover_image_id":"","duration":"","filesize":"","date_recorded":"","explicit":"","block":"","itunes_episode_number":"","itunes_title":"","itunes_season_number":"","itunes_episode_type":"","filesize_raw":"","footnotes":""},"class_list":["post-1340","page","type-page","status-publish","has-post-thumbnail","hentry"],"acf":[],"_links":{"self":[{"href":"https:\/\/www.brill-legal.com\/es\/wp-json\/wp\/v2\/pages\/1340","targetHints":{"allow":["GET"]}}],"collection":[{"href":"https:\/\/www.brill-legal.com\/es\/wp-json\/wp\/v2\/pages"}],"about":[{"href":"https:\/\/www.brill-legal.com\/es\/wp-json\/wp\/v2\/types\/page"}],"author":[{"embeddable":true,"href":"https:\/\/www.brill-legal.com\/es\/wp-json\/wp\/v2\/users\/1"}],"replies":[{"embeddable":true,"href":"https:\/\/www.brill-legal.com\/es\/wp-json\/wp\/v2\/comments?post=1340"}],"version-history":[{"count":6,"href":"https:\/\/www.brill-legal.com\/es\/wp-json\/wp\/v2\/pages\/1340\/revisions"}],"predecessor-version":[{"id":7347,"href":"https:\/\/www.brill-legal.com\/es\/wp-json\/wp\/v2\/pages\/1340\/revisions\/7347"}],"up":[{"embeddable":true,"href":"https:\/\/www.brill-legal.com\/es\/wp-json\/wp\/v2\/pages\/98"}],"wp:featuredmedia":[{"embeddable":true,"href":"https:\/\/www.brill-legal.com\/es\/wp-json\/wp\/v2\/media\/5044"}],"wp:attachment":[{"href":"https:\/\/www.brill-legal.com\/es\/wp-json\/wp\/v2\/media?parent=1340"}],"curies":[{"name":"wp","href":"https:\/\/api.w.org\/{rel}","templated":true}]}}