{"id":1280,"date":"2015-12-15T00:12:31","date_gmt":"2015-12-15T00:12:31","guid":{"rendered":"http:\/\/host2.adviahost.net\/~brilllegal\/?page_id=1280"},"modified":"2015-12-15T00:12:31","modified_gmt":"2015-12-15T00:12:31","slug":"el-grupo-de-trabajo-revisa-la-legislacion-de-nueva-york-sobre-delitos-de-cuello-blanco","status":"publish","type":"page","link":"https:\/\/www.brill-legal.com\/es\/medios-de-comunicacion\/el-grupo-de-trabajo-revisa-la-legislacion-de-nueva-york-sobre-delitos-de-cuello-blanco\/","title":{"rendered":"Un grupo de trabajo revisa la legislaci\u00f3n sobre delitos de cuello blanco del New York"},"content":{"rendered":"<p>Siempre que se produce un cambio significativo en la tecnolog\u00eda, suele haber un aumento en la cantidad de delitos cometidos utilizando estos nuevos dispositivos o sistemas. Las leyes vigentes a menudo no cubren algunas de estas actividades, lo que exige una revisi\u00f3n exhaustiva para asegurarse de que quienes participan en determinadas actividades ilegales se enfrentan a las penas adecuadas si acaban siendo condenados por estos delitos.<\/p>\n<p>Recientemente, un grupo de trabajo del New York ha revisado las leyes asociadas a los delitos de cuello blanco dentro del estado. Muchas de estas leyes no se han modificado desde la d\u00e9cada de 1960, y los funcionarios creen que se han quedado obsoletas a la hora de perseguir a individuos sospechosos de determinados delitos de alta tecnolog\u00eda.<\/p>\n<p>En particular, el grupo se centr\u00f3 en los delitos de estafa. Las nuevas penas depender\u00edan del n\u00famero de v\u00edctimas o de la cantidad de dinero presuntamente robada. Se crear\u00eda un nuevo delito grave de clase B para aquellas tramas en las que hubiera 1.000 o m\u00e1s v\u00edctimas o se tratara de m\u00e1s de $1 mill\u00f3n de d\u00f3lares.<\/p>\n<p>El grupo de trabajo tambi\u00e9n recomend\u00f3 cambios en las leyes sobre usurpaci\u00f3n de identidad y fraude a ancianos actualmente vigentes en el estado. Estas propuestas permitir\u00edan un examen m\u00e1s exhaustivo de los hechos de la presunta actividad, y podr\u00edan dar lugar a penas m\u00e1s severas si se cumplieran determinadas caracter\u00edsticas.<\/p>\n<p>El poder legislativo del estado estudiar\u00e1 el informe del grupo de trabajo y podr\u00e1 introducir cambios basados en las recomendaciones. Si se modifican las leyes, podr\u00eda significar que las personas acusadas de estos delitos podr\u00edan enfrentarse a penas de c\u00e1rcel o prisi\u00f3n mucho m\u00e1s largas si son declaradas culpables.<\/p>\n<p>El Estado tambi\u00e9n puede facilitar la acusaci\u00f3n de individuos sospechosos de estos delitos. La propuesta revisaba la forma en que estos casos se presentan ante el gran jurado y suger\u00eda limitar los tipos de inmunidad de que pueden gozar ciertos individuos. El grupo de trabajo cree que esto podr\u00eda aumentar la credibilidad de algunos de los testimonios que se presentan.<\/p>\n<p>Si usted ha sido acusado de un delito de cuello blanco en New York, es importante que se ponga en contacto con un abogado con experiencia en defensa criminal tan pronto como sea posible. Las penas que se imponen en estos casos suelen contener multas elevadas y posibles penas de c\u00e1rcel, por lo que necesita presentar una defensa agresiva ante estas acusaciones. El estado tendr\u00e1 recursos significativos disponibles para perseguir una condena, por lo que necesita tener a alguien de su lado protegiendo sus intereses.<\/p>\n<p>A menudo, estos cargos se presentan despu\u00e9s de largas investigaciones. Si la polic\u00eda se pone en contacto con usted y comienza a hacerle preguntas sobre ciertas actividades, aseg\u00farese de tener un abogado presente con usted durante estos interrogatorios. Un abogado puede asesorarle sobre sus derechos y ayudarle a protegerse en estos momentos dif\u00edciles.<\/p>","protected":false},"excerpt":{"rendered":"<p>Siempre que se produce un cambio significativo en la tecnolog\u00eda, suele aumentar el n\u00famero de delitos cometidos utilizando estos nuevos dispositivos o sistemas. Las leyes vigentes a menudo no cubren algunas de estas actividades, lo que exige una revisi\u00f3n exhaustiva para estar seguros de que quienes participan en determinadas actividades ilegales...<\/p>","protected":false},"author":1,"featured_media":0,"parent":537,"menu_order":0,"comment_status":"closed","ping_status":"closed","template":"","meta":{"_acf_changed":false,"episode_type":"","audio_file":"","cover_image":"","cover_image_id":"","duration":"","filesize":"","date_recorded":"","explicit":"","block":"","itunes_episode_number":"","itunes_title":"","itunes_season_number":"","itunes_episode_type":"","filesize_raw":"","footnotes":""},"class_list":["post-1280","page","type-page","status-publish","hentry"],"acf":[],"_links":{"self":[{"href":"https:\/\/www.brill-legal.com\/es\/wp-json\/wp\/v2\/pages\/1280","targetHints":{"allow":["GET"]}}],"collection":[{"href":"https:\/\/www.brill-legal.com\/es\/wp-json\/wp\/v2\/pages"}],"about":[{"href":"https:\/\/www.brill-legal.com\/es\/wp-json\/wp\/v2\/types\/page"}],"author":[{"embeddable":true,"href":"https:\/\/www.brill-legal.com\/es\/wp-json\/wp\/v2\/users\/1"}],"replies":[{"embeddable":true,"href":"https:\/\/www.brill-legal.com\/es\/wp-json\/wp\/v2\/comments?post=1280"}],"version-history":[{"count":1,"href":"https:\/\/www.brill-legal.com\/es\/wp-json\/wp\/v2\/pages\/1280\/revisions"}],"predecessor-version":[{"id":1281,"href":"https:\/\/www.brill-legal.com\/es\/wp-json\/wp\/v2\/pages\/1280\/revisions\/1281"}],"up":[{"embeddable":true,"href":"https:\/\/www.brill-legal.com\/es\/wp-json\/wp\/v2\/pages\/537"}],"wp:attachment":[{"href":"https:\/\/www.brill-legal.com\/es\/wp-json\/wp\/v2\/media?parent=1280"}],"curies":[{"name":"wp","href":"https:\/\/api.w.org\/{rel}","templated":true}]}}