{"id":1186,"date":"2015-12-14T18:50:23","date_gmt":"2015-12-14T18:50:23","guid":{"rendered":"http:\/\/host2.adviahost.net\/~brilllegal\/?page_id=1186"},"modified":"2022-06-09T02:20:28","modified_gmt":"2022-06-09T02:20:28","slug":"videos","status":"publish","type":"page","link":"https:\/\/www.brill-legal.com\/es\/videos\/","title":{"rendered":"V\u00eddeos"},"content":{"rendered":"<figure class=\"wp-block-embed is-type-video is-provider-vimeo wp-block-embed-vimeo wp-embed-aspect-16-9 wp-has-aspect-ratio\"><div class=\"wp-block-embed__wrapper\">\n<iframe loading=\"lazy\" title=\"Brill Legal Group - New York Abogados Penalistas\" src=\"https:\/\/player.vimeo.com\/video\/148960554?dnt=1&amp;app_id=122963\" width=\"480\" height=\"268\" frameborder=\"0\" allow=\"autoplay; fullscreen; picture-in-picture; clipboard-write\"><\/iframe>\n<\/div><\/figure>\n\n\n\n<p><strong>Acerca del Brill Legal Group<\/strong><\/p>\n\n\n\n<div style=\"height:30px\" aria-hidden=\"true\" class=\"wp-block-spacer\"><\/div>\n\n\n\n<figure class=\"wp-block-embed is-type-video is-provider-vimeo wp-block-embed-vimeo wp-embed-aspect-16-9 wp-has-aspect-ratio\"><div class=\"wp-block-embed__wrapper\">\n<iframe loading=\"lazy\" title=\"Derecho a un abogado - Defensa penal - New York\" src=\"https:\/\/player.vimeo.com\/video\/148960559?dnt=1&amp;app_id=122963\" width=\"480\" height=\"268\" frameborder=\"0\" allow=\"autoplay; fullscreen; picture-in-picture; clipboard-write\"><\/iframe>\n<\/div><\/figure>\n\n\n\n<p><strong>Su derecho a un abogado<\/strong><\/p>\n\n\n\n<div style=\"height:30px\" aria-hidden=\"true\" class=\"wp-block-spacer\"><\/div>\n\n\n\n<figure class=\"wp-block-embed is-type-video is-provider-vimeo wp-block-embed-vimeo wp-embed-aspect-16-9 wp-has-aspect-ratio\"><div class=\"wp-block-embed__wrapper\">\n<iframe loading=\"lazy\" title=\"Representaci\u00f3n de Clientes - New York - Abogados Penalistas\" src=\"https:\/\/player.vimeo.com\/video\/148960555?dnt=1&amp;app_id=122963\" width=\"480\" height=\"268\" frameborder=\"0\" allow=\"autoplay; fullscreen; picture-in-picture; clipboard-write\"><\/iframe>\n<\/div><\/figure>\n\n\n\n<p><strong>Representaci\u00f3n de clientes: Nuestra diferencia<\/strong><\/p>\n\n\n\n<div style=\"height:30px\" aria-hidden=\"true\" class=\"wp-block-spacer\"><\/div>\n\n\n\n<figure class=\"wp-block-embed is-type-video is-provider-vimeo wp-block-embed-vimeo wp-embed-aspect-16-9 wp-has-aspect-ratio\"><div class=\"wp-block-embed__wrapper\">\n<iframe loading=\"lazy\" title=\"Servicios al Cliente - New York Defensa Penal - Brill Legal Group\" src=\"https:\/\/player.vimeo.com\/video\/148960553?dnt=1&amp;app_id=122963\" width=\"480\" height=\"268\" frameborder=\"0\" allow=\"autoplay; fullscreen; picture-in-picture; clipboard-write\"><\/iframe>\n<\/div><\/figure>\n\n\n\n<p><strong>Servicios al cliente: Qu\u00e9 hacemos y c\u00f3mo se benefician los clientes<\/strong><\/p>\n\n\n\n<div style=\"height:30px\" aria-hidden=\"true\" class=\"wp-block-spacer\"><\/div>\n\n\n\n<figure class=\"wp-block-embed is-type-video is-provider-vimeo wp-block-embed-vimeo wp-embed-aspect-16-9 wp-has-aspect-ratio\"><div class=\"wp-block-embed__wrapper\">\n<iframe loading=\"lazy\" title=\"Licencia Profesional - Abogado Defensor - New York\" src=\"https:\/\/player.vimeo.com\/video\/148960556?dnt=1&amp;app_id=122963\" width=\"480\" height=\"268\" frameborder=\"0\" allow=\"autoplay; fullscreen; picture-in-picture; clipboard-write\"><\/iframe>\n<\/div><\/figure>\n\n\n\n<p><strong>Licencia profesional - Abogado defensor<\/strong><\/p>\n\n\n\n<div style=\"height:30px\" aria-hidden=\"true\" class=\"wp-block-spacer\"><\/div>\n\n\n\n<figure class=\"wp-block-embed is-type-video is-provider-vimeo wp-block-embed-vimeo wp-embed-aspect-16-9 wp-has-aspect-ratio\"><div class=\"wp-block-embed__wrapper\">\n<iframe loading=\"lazy\" title=\"Acerca de Brill Legal Group - New York Abogados - Defensa Penal\" src=\"https:\/\/player.vimeo.com\/video\/148960550?dnt=1&amp;app_id=122963\" width=\"480\" height=\"268\" frameborder=\"0\" allow=\"autoplay; fullscreen; picture-in-picture; clipboard-write\"><\/iframe>\n<\/div><\/figure>\n\n\n\n<p><strong>Acerca del Brill Legal Group<\/strong><\/p>\n\n\n\n<p><a href=\"https:\/\/www.brill-legal.com\/es\/abogados\/\">CONOZCA A NUESTROS ABOGADOS \"<\/a><\/p>\n\n\n\n<h2 class=\"wp-block-heading\">En las noticias<\/h2>\n\n\n\n<figure class=\"wp-block-embed is-type-video is-provider-vimeo wp-block-embed-vimeo wp-embed-aspect-16-9 wp-has-aspect-ratio\"><div class=\"wp-block-embed__wrapper\">\n<iframe loading=\"lazy\" title=\"Peter Brill en FNC, 31 de agosto de 2016\" src=\"https:\/\/player.vimeo.com\/video\/181063260?dnt=1&amp;app_id=122963\" width=\"500\" height=\"281\" frameborder=\"0\" allow=\"autoplay; fullscreen; picture-in-picture; clipboard-write\"><\/iframe>\n<\/div><\/figure>\n\n\n\n<p><strong>Peter Brill analiza las elecciones presidenciales de 2016 y las implicaciones de un grupo especial de deportaci\u00f3n<\/strong><\/p>\n\n\n\n<div style=\"height:30px\" aria-hidden=\"true\" class=\"wp-block-spacer\"><\/div>\n\n\n\n<figure class=\"wp-block-embed is-type-video is-provider-vimeo wp-block-embed-vimeo wp-embed-aspect-16-9 wp-has-aspect-ratio\"><div class=\"wp-block-embed__wrapper\">\n<iframe loading=\"lazy\" title=\"Peter Brill analiza una propuesta del Senado que dar\u00e1 al FBI m\u00e1s poder para rastrear en Internet a sospechosos de terrorismo\" src=\"https:\/\/player.vimeo.com\/video\/174295633?dnt=1&amp;app_id=122963\" width=\"500\" height=\"276\" frameborder=\"0\" allow=\"autoplay; fullscreen; picture-in-picture; clipboard-write\"><\/iframe>\n<\/div><\/figure>\n\n\n\n<p><strong>Peter Brill analiza una propuesta del Senado que dar\u00e1 al FBI m\u00e1s poder para rastrear en Internet a sospechosos de terrorismo<\/strong><\/p>\n\n\n\n<div style=\"height:30px\" aria-hidden=\"true\" class=\"wp-block-spacer\"><\/div>\n\n\n\n<figure class=\"wp-block-embed is-type-video is-provider-vimeo wp-block-embed-vimeo wp-embed-aspect-16-9 wp-has-aspect-ratio\"><div class=\"wp-block-embed__wrapper\">\n<iframe loading=\"lazy\" title=\"Peter Brill aparece en Lisa Evers Street Soldiers\" src=\"https:\/\/player.vimeo.com\/video\/174295632?dnt=1&amp;app_id=122963\" width=\"500\" height=\"266\" frameborder=\"0\" allow=\"autoplay; fullscreen; picture-in-picture; clipboard-write\"><\/iframe>\n<\/div><\/figure>\n\n\n\n<p><strong>Peter Brill aparece en Lisa Evers Street Soldiers<\/strong><\/p>\n\n\n\n<div style=\"height:30px\" aria-hidden=\"true\" class=\"wp-block-spacer\"><\/div>\n\n\n\n<figure class=\"wp-block-embed is-type-video is-provider-vimeo wp-block-embed-vimeo\"><div class=\"wp-block-embed__wrapper\">\n<iframe loading=\"lazy\" title=\"Peter Brill en Al Jazeera America, 1 de marzo de 2016.\" src=\"https:\/\/player.vimeo.com\/video\/157626787?dnt=1&amp;app_id=122963\" width=\"500\" height=\"263\" frameborder=\"0\" allow=\"autoplay; fullscreen; picture-in-picture; clipboard-write\"><\/iframe>\n<\/div><\/figure>\n\n\n\n<p><strong>Peter Brill habla sobre las trabajadoras del sexo y el tr\u00e1fico sexual en Al Jazeera America<\/strong><\/p>\n\n\n\n<div style=\"height:30px\" aria-hidden=\"true\" class=\"wp-block-spacer\"><\/div>\n\n\n\n<figure class=\"wp-block-embed is-type-video is-provider-vimeo wp-block-embed-vimeo wp-embed-aspect-16-9 wp-has-aspect-ratio\"><div class=\"wp-block-embed__wrapper\">\n<iframe loading=\"lazy\" title=\"Peter Brill en CBS, 3 de febrero de 2016\" src=\"https:\/\/player.vimeo.com\/video\/154384756?dnt=1&amp;app_id=122963\" width=\"500\" height=\"280\" frameborder=\"0\" allow=\"autoplay; fullscreen; picture-in-picture; clipboard-write\"><\/iframe>\n<\/div><\/figure>\n\n\n\n<p><strong>Peter Brill debate el futuro del caso Bill Cosby<\/strong>e<\/p>\n\n\n\n<div style=\"height:30px\" aria-hidden=\"true\" class=\"wp-block-spacer\"><\/div>\n\n\n\n<figure class=\"wp-block-embed is-type-video is-provider-vimeo wp-block-embed-vimeo wp-embed-aspect-16-9 wp-has-aspect-ratio\"><div class=\"wp-block-embed__wrapper\">\n<iframe loading=\"lazy\" title=\"Peter Brill habla sobre el tiroteo de Jamar Clark en CBSN\" src=\"https:\/\/player.vimeo.com\/video\/163468070?dnt=1&amp;app_id=122963\" width=\"500\" height=\"281\" frameborder=\"0\" allow=\"autoplay; fullscreen; picture-in-picture; clipboard-write\"><\/iframe>\n<\/div><\/figure>\n\n\n\n<p><strong>Peter Brill habla sobre el tiroteo de Jamar Clark en CBSN<\/strong><\/p>\n\n\n\n<p><a href=\"https:\/\/www.brill-legal.com\/es\/medios-de-comunicacion\/\">M\u00c1S NOTICIAS \"<\/a><\/p>","protected":false},"excerpt":{"rendered":"<p>Acerca del Brill Legal Group Su derecho a un abogado Representaci\u00f3n de clientes: En qu\u00e9 somos diferentes Servicios al cliente: Qu\u00e9 hacemos y c\u00f3mo se benefician los clientes Licencia profesional - Abogado defensor Acerca del Brill Legal Group CONOZCA A NUESTROS ABOGADOS \" En las noticias Peter Brill analiza las elecciones presidenciales de 2016 y las implicaciones de una deportaci\u00f3n...<\/p>","protected":false},"author":1,"featured_media":0,"parent":0,"menu_order":0,"comment_status":"closed","ping_status":"closed","template":"","meta":{"_acf_changed":false,"episode_type":"","audio_file":"","cover_image":"","cover_image_id":"","duration":"","filesize":"","date_recorded":"","explicit":"","block":"","itunes_episode_number":"","itunes_title":"","itunes_season_number":"","itunes_episode_type":"","filesize_raw":"","footnotes":""},"class_list":["post-1186","page","type-page","status-publish","hentry"],"acf":[],"_links":{"self":[{"href":"https:\/\/www.brill-legal.com\/es\/wp-json\/wp\/v2\/pages\/1186","targetHints":{"allow":["GET"]}}],"collection":[{"href":"https:\/\/www.brill-legal.com\/es\/wp-json\/wp\/v2\/pages"}],"about":[{"href":"https:\/\/www.brill-legal.com\/es\/wp-json\/wp\/v2\/types\/page"}],"author":[{"embeddable":true,"href":"https:\/\/www.brill-legal.com\/es\/wp-json\/wp\/v2\/users\/1"}],"replies":[{"embeddable":true,"href":"https:\/\/www.brill-legal.com\/es\/wp-json\/wp\/v2\/comments?post=1186"}],"version-history":[{"count":6,"href":"https:\/\/www.brill-legal.com\/es\/wp-json\/wp\/v2\/pages\/1186\/revisions"}],"predecessor-version":[{"id":6690,"href":"https:\/\/www.brill-legal.com\/es\/wp-json\/wp\/v2\/pages\/1186\/revisions\/6690"}],"wp:attachment":[{"href":"https:\/\/www.brill-legal.com\/es\/wp-json\/wp\/v2\/media?parent=1186"}],"curies":[{"name":"wp","href":"https:\/\/api.w.org\/{rel}","templated":true}]}}